{"id":6208,"date":"2015-10-02T20:42:05","date_gmt":"2015-10-02T20:42:05","guid":{"rendered":"https:\/\/caringsunshine.com\/?page_id=6208"},"modified":"2024-05-11T07:09:22","modified_gmt":"2024-05-11T14:09:22","slug":"natures-sunsine","status":"publish","type":"page","link":"https:\/\/caringsunshine.com\/es\/natures-sunsine\/","title":{"rendered":"Natures Sunsine"},"content":{"rendered":"<p>Natures Sunsine (Nature's Sunshine) es una empresa estadounidense con sede en Utah que desarrolla, fabrica y distribuye suplementos nutricionales que se env\u00edan a trav\u00e9s de un programa de marketing directo a cientos de miles de clientes en todo el mundo. Puede comprar los m\u00e1s de 400 productos de Nature's Sunshine aqu\u00ed en este sitio.<\/p>","protected":false},"excerpt":{"rendered":"<p>Natures Sunsine (Nature's Sunshine) es una empresa estadounidense con sede en Utah que desarrolla, fabrica y distribuye suplementos nutricionales que se env\u00edan a trav\u00e9s de un programa de marketing directo a cientos de miles de clientes en todo el mundo. Puede comprar los m\u00e1s de 400 productos de Nature's Sunshine aqu\u00ed en este sitio.<\/p>","protected":false},"author":1,"featured_media":0,"parent":0,"menu_order":0,"comment_status":"open","ping_status":"closed","template":"page-blank-title-center.php","meta":{"_acf_changed":false,"footnotes":""},"rapid":[],"class_list":["post-6208","page","type-page","status-publish","hentry"],"acf":[],"_links":{"self":[{"href":"https:\/\/caringsunshine.com\/es\/wp-json\/wp\/v2\/pages\/6208","targetHints":{"allow":["GET"]}}],"collection":[{"href":"https:\/\/caringsunshine.com\/es\/wp-json\/wp\/v2\/pages"}],"about":[{"href":"https:\/\/caringsunshine.com\/es\/wp-json\/wp\/v2\/types\/page"}],"author":[{"embeddable":true,"href":"https:\/\/caringsunshine.com\/es\/wp-json\/wp\/v2\/users\/1"}],"replies":[{"embeddable":true,"href":"https:\/\/caringsunshine.com\/es\/wp-json\/wp\/v2\/comments?post=6208"}],"version-history":[{"count":1,"href":"https:\/\/caringsunshine.com\/es\/wp-json\/wp\/v2\/pages\/6208\/revisions"}],"predecessor-version":[{"id":3262432,"href":"https:\/\/caringsunshine.com\/es\/wp-json\/wp\/v2\/pages\/6208\/revisions\/3262432"}],"wp:attachment":[{"href":"https:\/\/caringsunshine.com\/es\/wp-json\/wp\/v2\/media?parent=6208"}],"wp:term":[{"taxonomy":"rapid","embeddable":true,"href":"https:\/\/caringsunshine.com\/es\/wp-json\/wp\/v2\/rapid?post=6208"}],"curies":[{"name":"wp","href":"https:\/\/api.w.org\/{rel}","templated":true}]}}