{"id":6206,"date":"2015-10-02T20:40:27","date_gmt":"2015-10-02T20:40:27","guid":{"rendered":"https:\/\/caringsunshine.com\/?page_id=6206"},"modified":"2024-05-11T07:09:28","modified_gmt":"2024-05-11T14:09:28","slug":"nature-sunshine-produtos","status":"publish","type":"page","link":"https:\/\/caringsunshine.com\/es\/nature-sunshine-produtos\/","title":{"rendered":"Nature Sunshine Produtos"},"content":{"rendered":"<p>Nature Sunshine Produtos (Nature's Sunshine) son fabulosas opciones de salud para las familias que quieren lo mejor en nutrici\u00f3n. Desde un meticuloso proceso de selecci\u00f3n hasta unas estrictas instalaciones de producci\u00f3n, los productos de Nature's Sunshine tienen garantizada su pureza, potencia y seguridad.<\/p>","protected":false},"excerpt":{"rendered":"<p>Nature Sunshine Produtos (Nature's Sunshine) son fabulosas opciones de salud para las familias que quieren lo mejor en nutrici\u00f3n. Desde un meticuloso proceso de selecci\u00f3n hasta unas estrictas instalaciones de producci\u00f3n, los productos de Nature's Sunshine tienen garantizada su pureza, potencia y seguridad.<\/p>","protected":false},"author":1,"featured_media":0,"parent":0,"menu_order":0,"comment_status":"open","ping_status":"closed","template":"page-blank-title-center.php","meta":{"_acf_changed":false,"footnotes":""},"rapid":[],"class_list":["post-6206","page","type-page","status-publish","hentry"],"acf":[],"_links":{"self":[{"href":"https:\/\/caringsunshine.com\/es\/wp-json\/wp\/v2\/pages\/6206","targetHints":{"allow":["GET"]}}],"collection":[{"href":"https:\/\/caringsunshine.com\/es\/wp-json\/wp\/v2\/pages"}],"about":[{"href":"https:\/\/caringsunshine.com\/es\/wp-json\/wp\/v2\/types\/page"}],"author":[{"embeddable":true,"href":"https:\/\/caringsunshine.com\/es\/wp-json\/wp\/v2\/users\/1"}],"replies":[{"embeddable":true,"href":"https:\/\/caringsunshine.com\/es\/wp-json\/wp\/v2\/comments?post=6206"}],"version-history":[{"count":1,"href":"https:\/\/caringsunshine.com\/es\/wp-json\/wp\/v2\/pages\/6206\/revisions"}],"predecessor-version":[{"id":3262433,"href":"https:\/\/caringsunshine.com\/es\/wp-json\/wp\/v2\/pages\/6206\/revisions\/3262433"}],"wp:attachment":[{"href":"https:\/\/caringsunshine.com\/es\/wp-json\/wp\/v2\/media?parent=6206"}],"wp:term":[{"taxonomy":"rapid","embeddable":true,"href":"https:\/\/caringsunshine.com\/es\/wp-json\/wp\/v2\/rapid?post=6206"}],"curies":[{"name":"wp","href":"https:\/\/api.w.org\/{rel}","templated":true}]}}