{"id":6202,"date":"2015-10-02T20:39:31","date_gmt":"2015-10-02T20:39:31","guid":{"rendered":"https:\/\/caringsunshine.com\/?page_id=6202"},"modified":"2024-05-11T07:09:39","modified_gmt":"2024-05-11T14:09:39","slug":"natures-sunshine-offer-code","status":"publish","type":"page","link":"https:\/\/caringsunshine.com\/es\/natures-sunshine-offer-code\/","title":{"rendered":"C\u00f3digo de oferta de Natures Sunshine"},"content":{"rendered":"<p>C\u00f3digo de oferta de Natures Sunshine: Nature's Sunshine no tiene cupones de venta pero s\u00ed <a href=\"https:\/\/caringsunshine.com\/es\/weeklyspecials\/\">especiales semanales que puede consultar aqu\u00ed<\/a>. Si decide hacerse socio, tendr\u00e1 a su disposici\u00f3n otras ofertas especiales y podr\u00e1 beneficiarse de importantes ahorros por debajo del precio de socio en funci\u00f3n del volumen.<\/p>","protected":false},"excerpt":{"rendered":"<p>C\u00f3digo de oferta de Natures Sunshine: Nature's Sunshine no tiene cupones de venta, pero tiene ofertas semanales que puedes ver aqu\u00ed. Si decides hacerte miembro, hay otras ofertas especiales que tendr\u00e1s a tu disposici\u00f3n, adem\u00e1s de que puedes aprovechar ahorros significativos por debajo del precio de miembro basado en el volumen.<\/p>","protected":false},"author":1,"featured_media":0,"parent":0,"menu_order":0,"comment_status":"open","ping_status":"closed","template":"page-blank-title-center.php","meta":{"_acf_changed":false,"footnotes":""},"rapid":[],"class_list":["post-6202","page","type-page","status-publish","hentry"],"acf":[],"_links":{"self":[{"href":"https:\/\/caringsunshine.com\/es\/wp-json\/wp\/v2\/pages\/6202","targetHints":{"allow":["GET"]}}],"collection":[{"href":"https:\/\/caringsunshine.com\/es\/wp-json\/wp\/v2\/pages"}],"about":[{"href":"https:\/\/caringsunshine.com\/es\/wp-json\/wp\/v2\/types\/page"}],"author":[{"embeddable":true,"href":"https:\/\/caringsunshine.com\/es\/wp-json\/wp\/v2\/users\/1"}],"replies":[{"embeddable":true,"href":"https:\/\/caringsunshine.com\/es\/wp-json\/wp\/v2\/comments?post=6202"}],"version-history":[{"count":1,"href":"https:\/\/caringsunshine.com\/es\/wp-json\/wp\/v2\/pages\/6202\/revisions"}],"predecessor-version":[{"id":3262435,"href":"https:\/\/caringsunshine.com\/es\/wp-json\/wp\/v2\/pages\/6202\/revisions\/3262435"}],"wp:attachment":[{"href":"https:\/\/caringsunshine.com\/es\/wp-json\/wp\/v2\/media?parent=6202"}],"wp:term":[{"taxonomy":"rapid","embeddable":true,"href":"https:\/\/caringsunshine.com\/es\/wp-json\/wp\/v2\/rapid?post=6202"}],"curies":[{"name":"wp","href":"https:\/\/api.w.org\/{rel}","templated":true}]}}