{"id":6200,"date":"2015-10-02T20:39:05","date_gmt":"2015-10-02T20:39:05","guid":{"rendered":"https:\/\/caringsunshine.com\/?page_id=6200"},"modified":"2024-05-11T07:09:44","modified_gmt":"2024-05-11T14:09:44","slug":"natures-sunshin","status":"publish","type":"page","link":"https:\/\/caringsunshine.com\/es\/natures-sunshin\/","title":{"rendered":"Natures Sunshin"},"content":{"rendered":"<p>Los productos de Natures Sunshin (Nature's Sunshine) se desarrollan y fabrican cuidadosamente utilizando las pruebas y la producci\u00f3n m\u00e1s modernas. Durante m\u00e1s de 40 a\u00f1os, Nature's Sunshine ha establecido un est\u00e1ndar en la industria de los suplementos por su calidad y potencia.<\/p>","protected":false},"excerpt":{"rendered":"<p>Los productos de Natures Sunshin (Nature's Sunshine) se desarrollan y fabrican cuidadosamente utilizando las pruebas y la producci\u00f3n m\u00e1s modernas. Durante m\u00e1s de 40 a\u00f1os, Nature's Sunshine ha establecido un est\u00e1ndar en la industria de los suplementos por su calidad y potencia.<\/p>","protected":false},"author":1,"featured_media":0,"parent":0,"menu_order":0,"comment_status":"open","ping_status":"closed","template":"page-blank-title-center.php","meta":{"_acf_changed":false,"footnotes":""},"rapid":[],"class_list":["post-6200","page","type-page","status-publish","hentry"],"acf":[],"_links":{"self":[{"href":"https:\/\/caringsunshine.com\/es\/wp-json\/wp\/v2\/pages\/6200","targetHints":{"allow":["GET"]}}],"collection":[{"href":"https:\/\/caringsunshine.com\/es\/wp-json\/wp\/v2\/pages"}],"about":[{"href":"https:\/\/caringsunshine.com\/es\/wp-json\/wp\/v2\/types\/page"}],"author":[{"embeddable":true,"href":"https:\/\/caringsunshine.com\/es\/wp-json\/wp\/v2\/users\/1"}],"replies":[{"embeddable":true,"href":"https:\/\/caringsunshine.com\/es\/wp-json\/wp\/v2\/comments?post=6200"}],"version-history":[{"count":1,"href":"https:\/\/caringsunshine.com\/es\/wp-json\/wp\/v2\/pages\/6200\/revisions"}],"predecessor-version":[{"id":3262436,"href":"https:\/\/caringsunshine.com\/es\/wp-json\/wp\/v2\/pages\/6200\/revisions\/3262436"}],"wp:attachment":[{"href":"https:\/\/caringsunshine.com\/es\/wp-json\/wp\/v2\/media?parent=6200"}],"wp:term":[{"taxonomy":"rapid","embeddable":true,"href":"https:\/\/caringsunshine.com\/es\/wp-json\/wp\/v2\/rapid?post=6200"}],"curies":[{"name":"wp","href":"https:\/\/api.w.org\/{rel}","templated":true}]}}