{"id":6198,"date":"2015-10-02T20:38:32","date_gmt":"2015-10-02T20:38:32","guid":{"rendered":"https:\/\/caringsunshine.com\/?page_id=6198"},"modified":"2024-05-11T07:30:31","modified_gmt":"2024-05-11T14:30:31","slug":"intestinal-soothe-and-build-reviews","status":"publish","type":"page","link":"https:\/\/caringsunshine.com\/es\/intestinal-soothe-and-build-reviews\/","title":{"rendered":"Calma y construye el intestino Rese\u00f1as"},"content":{"rendered":"<p>Intestinal Soothe and Build Los comentarios son generalmente positivos y el producto es uno de los m\u00e1s vendidos de Nature's Sunshine. Est\u00e1 dise\u00f1ado para nutrir la parte baja del intestino, calmar el sistema intestinal y apoyar los procesos naturales de limpieza.\u00a0<a href=\"https:\/\/caringsunshine.com\/es\/supplements\/NaturesSunshine\/products\/intestinal-soothe-and-build.aspx\/\">M\u00e1s informaci\u00f3n sobre Intestinal Soothe and Build y compra aqu\u00ed<\/a>.<\/p>","protected":false},"excerpt":{"rendered":"<p>Intestinal Soothe and Build Los comentarios son generalmente positivos y el producto es uno de los m\u00e1s vendidos de Nature's Sunshine. Est\u00e1 dise\u00f1ado para nutrir la parte inferior del intestino, calmar el sistema intestinal y apoyar los procesos naturales de limpieza. M\u00e1s informaci\u00f3n sobre Intestinal Soothe and Build y compra aqu\u00ed.<\/p>","protected":false},"author":1,"featured_media":0,"parent":0,"menu_order":0,"comment_status":"open","ping_status":"closed","template":"page-blank-title-center.php","meta":{"_acf_changed":false,"footnotes":""},"rapid":[],"class_list":["post-6198","page","type-page","status-publish","hentry"],"acf":[],"_links":{"self":[{"href":"https:\/\/caringsunshine.com\/es\/wp-json\/wp\/v2\/pages\/6198","targetHints":{"allow":["GET"]}}],"collection":[{"href":"https:\/\/caringsunshine.com\/es\/wp-json\/wp\/v2\/pages"}],"about":[{"href":"https:\/\/caringsunshine.com\/es\/wp-json\/wp\/v2\/types\/page"}],"author":[{"embeddable":true,"href":"https:\/\/caringsunshine.com\/es\/wp-json\/wp\/v2\/users\/1"}],"replies":[{"embeddable":true,"href":"https:\/\/caringsunshine.com\/es\/wp-json\/wp\/v2\/comments?post=6198"}],"version-history":[{"count":1,"href":"https:\/\/caringsunshine.com\/es\/wp-json\/wp\/v2\/pages\/6198\/revisions"}],"predecessor-version":[{"id":3262529,"href":"https:\/\/caringsunshine.com\/es\/wp-json\/wp\/v2\/pages\/6198\/revisions\/3262529"}],"wp:attachment":[{"href":"https:\/\/caringsunshine.com\/es\/wp-json\/wp\/v2\/media?parent=6198"}],"wp:term":[{"taxonomy":"rapid","embeddable":true,"href":"https:\/\/caringsunshine.com\/es\/wp-json\/wp\/v2\/rapid?post=6198"}],"curies":[{"name":"wp","href":"https:\/\/api.w.org\/{rel}","templated":true}]}}