{"id":6194,"date":"2015-10-02T20:35:50","date_gmt":"2015-10-02T20:35:50","guid":{"rendered":"https:\/\/caringsunshine.com\/?page_id=6194"},"modified":"2024-05-11T07:27:06","modified_gmt":"2024-05-11T14:27:06","slug":"sunshine-herb","status":"publish","type":"page","link":"https:\/\/caringsunshine.com\/es\/sunshine-herb\/","title":{"rendered":"Hierba del sol"},"content":{"rendered":"<p>Las hierbas Sunshine (hierbas de Nature's Sunshine) son cuidadosamente cultivadas en todo el mundo y meticulosamente seleccionadas por el personal de Nature's Sunshine. Se toman todas las precauciones para asegurar que la potencia est\u00e1 garantizada y preservada a trav\u00e9s del proceso de fabricaci\u00f3n.<\/p>","protected":false},"excerpt":{"rendered":"<p>Las hierbas Sunshine (hierbas de Nature's Sunshine) son cuidadosamente cultivadas en todo el mundo y meticulosamente seleccionadas por el personal de Nature's Sunshine. Se toman todas las precauciones para asegurar que la potencia est\u00e1 garantizada y preservada a trav\u00e9s del proceso de fabricaci\u00f3n.<\/p>","protected":false},"author":1,"featured_media":0,"parent":0,"menu_order":0,"comment_status":"open","ping_status":"closed","template":"page-blank-title-center.php","meta":{"_acf_changed":false,"footnotes":""},"rapid":[],"class_list":["post-6194","page","type-page","status-publish","hentry"],"acf":[],"_links":{"self":[{"href":"https:\/\/caringsunshine.com\/es\/wp-json\/wp\/v2\/pages\/6194","targetHints":{"allow":["GET"]}}],"collection":[{"href":"https:\/\/caringsunshine.com\/es\/wp-json\/wp\/v2\/pages"}],"about":[{"href":"https:\/\/caringsunshine.com\/es\/wp-json\/wp\/v2\/types\/page"}],"author":[{"embeddable":true,"href":"https:\/\/caringsunshine.com\/es\/wp-json\/wp\/v2\/users\/1"}],"replies":[{"embeddable":true,"href":"https:\/\/caringsunshine.com\/es\/wp-json\/wp\/v2\/comments?post=6194"}],"version-history":[{"count":1,"href":"https:\/\/caringsunshine.com\/es\/wp-json\/wp\/v2\/pages\/6194\/revisions"}],"predecessor-version":[{"id":3262520,"href":"https:\/\/caringsunshine.com\/es\/wp-json\/wp\/v2\/pages\/6194\/revisions\/3262520"}],"wp:attachment":[{"href":"https:\/\/caringsunshine.com\/es\/wp-json\/wp\/v2\/media?parent=6194"}],"wp:term":[{"taxonomy":"rapid","embeddable":true,"href":"https:\/\/caringsunshine.com\/es\/wp-json\/wp\/v2\/rapid?post=6194"}],"curies":[{"name":"wp","href":"https:\/\/api.w.org\/{rel}","templated":true}]}}