{"id":6192,"date":"2015-10-02T20:35:25","date_gmt":"2015-10-02T20:35:25","guid":{"rendered":"https:\/\/caringsunshine.com\/?page_id=6192"},"modified":"2024-05-11T07:27:00","modified_gmt":"2024-05-11T14:27:00","slug":"que-es-natures-sunshine","status":"publish","type":"page","link":"https:\/\/caringsunshine.com\/es\/que-es-natures-sunshine\/","title":{"rendered":"Que es Natures Sunshine"},"content":{"rendered":"<p>\u00bfQu\u00e9 es Natures Sunshine? Nature's Sunshine es una empresa de suplementos que fabrica vitaminas, hierbas y f\u00f3rmulas que abordan problemas de salud espec\u00edficos como la visi\u00f3n, la salud del coraz\u00f3n, el colesterol y el sistema digestivo. Nature's Sunshine ha estado en el negocio durante d\u00e9cadas y es bien conocido como un l\u00edder en la industria para la calidad y la potencia.<\/p>","protected":false},"excerpt":{"rendered":"<p>\u00bfQu\u00e9 es Natures Sunshine? Nature's Sunshine es una empresa de suplementos que fabrica vitaminas, hierbas y f\u00f3rmulas que abordan problemas de salud espec\u00edficos como la visi\u00f3n, la salud del coraz\u00f3n, el colesterol y el sistema digestivo. Nature's Sunshine ha estado en el negocio durante d\u00e9cadas y es bien conocido como un l\u00edder en la industria para la calidad y la potencia.<\/p>","protected":false},"author":1,"featured_media":0,"parent":0,"menu_order":0,"comment_status":"open","ping_status":"closed","template":"page-blank-title-center.php","meta":{"_acf_changed":false,"footnotes":""},"rapid":[],"class_list":["post-6192","page","type-page","status-publish","hentry"],"acf":[],"_links":{"self":[{"href":"https:\/\/caringsunshine.com\/es\/wp-json\/wp\/v2\/pages\/6192","targetHints":{"allow":["GET"]}}],"collection":[{"href":"https:\/\/caringsunshine.com\/es\/wp-json\/wp\/v2\/pages"}],"about":[{"href":"https:\/\/caringsunshine.com\/es\/wp-json\/wp\/v2\/types\/page"}],"author":[{"embeddable":true,"href":"https:\/\/caringsunshine.com\/es\/wp-json\/wp\/v2\/users\/1"}],"replies":[{"embeddable":true,"href":"https:\/\/caringsunshine.com\/es\/wp-json\/wp\/v2\/comments?post=6192"}],"version-history":[{"count":1,"href":"https:\/\/caringsunshine.com\/es\/wp-json\/wp\/v2\/pages\/6192\/revisions"}],"predecessor-version":[{"id":3262519,"href":"https:\/\/caringsunshine.com\/es\/wp-json\/wp\/v2\/pages\/6192\/revisions\/3262519"}],"wp:attachment":[{"href":"https:\/\/caringsunshine.com\/es\/wp-json\/wp\/v2\/media?parent=6192"}],"wp:term":[{"taxonomy":"rapid","embeddable":true,"href":"https:\/\/caringsunshine.com\/es\/wp-json\/wp\/v2\/rapid?post=6192"}],"curies":[{"name":"wp","href":"https:\/\/api.w.org\/{rel}","templated":true}]}}