{"id":6190,"date":"2015-10-02T20:34:57","date_gmt":"2015-10-02T20:34:57","guid":{"rendered":"https:\/\/caringsunshine.com\/?page_id=6190"},"modified":"2024-05-11T07:26:54","modified_gmt":"2024-05-11T14:26:54","slug":"sunshine-herbs-and-vitamins","status":"publish","type":"page","link":"https:\/\/caringsunshine.com\/es\/sunshine-herbs-and-vitamins\/","title":{"rendered":"Hierbas y vitaminas Sunshine"},"content":{"rendered":"<p>Las hierbas y vitaminas Sunshine (productos Nature's Sunshine) est\u00e1n disponibles aqu\u00ed en CaringSunshine a precio de socio todos los d\u00edas. Llame y obtenga asesoramiento para sus necesidades de salud. Tenemos los m\u00e1s de 400 productos a precio de socio todos los d\u00edas.<\/p>","protected":false},"excerpt":{"rendered":"<p>Las hierbas y vitaminas Sunshine (productos Nature's Sunshine) est\u00e1n disponibles aqu\u00ed en CaringSunshine a precio de socio todos los d\u00edas. Llame y obtenga asesoramiento para sus necesidades de salud. Tenemos los m\u00e1s de 400 productos a precio de socio todos los d\u00edas.<\/p>","protected":false},"author":1,"featured_media":0,"parent":0,"menu_order":0,"comment_status":"open","ping_status":"closed","template":"page-blank-title-center.php","meta":{"_acf_changed":false,"footnotes":""},"rapid":[],"class_list":["post-6190","page","type-page","status-publish","hentry"],"acf":[],"_links":{"self":[{"href":"https:\/\/caringsunshine.com\/es\/wp-json\/wp\/v2\/pages\/6190","targetHints":{"allow":["GET"]}}],"collection":[{"href":"https:\/\/caringsunshine.com\/es\/wp-json\/wp\/v2\/pages"}],"about":[{"href":"https:\/\/caringsunshine.com\/es\/wp-json\/wp\/v2\/types\/page"}],"author":[{"embeddable":true,"href":"https:\/\/caringsunshine.com\/es\/wp-json\/wp\/v2\/users\/1"}],"replies":[{"embeddable":true,"href":"https:\/\/caringsunshine.com\/es\/wp-json\/wp\/v2\/comments?post=6190"}],"version-history":[{"count":1,"href":"https:\/\/caringsunshine.com\/es\/wp-json\/wp\/v2\/pages\/6190\/revisions"}],"predecessor-version":[{"id":3262518,"href":"https:\/\/caringsunshine.com\/es\/wp-json\/wp\/v2\/pages\/6190\/revisions\/3262518"}],"wp:attachment":[{"href":"https:\/\/caringsunshine.com\/es\/wp-json\/wp\/v2\/media?parent=6190"}],"wp:term":[{"taxonomy":"rapid","embeddable":true,"href":"https:\/\/caringsunshine.com\/es\/wp-json\/wp\/v2\/rapid?post=6190"}],"curies":[{"name":"wp","href":"https:\/\/api.w.org\/{rel}","templated":true}]}}