{"id":6188,"date":"2015-10-02T20:33:49","date_gmt":"2015-10-02T20:33:49","guid":{"rendered":"https:\/\/caringsunshine.com\/?page_id=6188"},"modified":"2024-05-11T07:26:47","modified_gmt":"2024-05-11T14:26:47","slug":"natures-sunshine-detox","status":"publish","type":"page","link":"https:\/\/caringsunshine.com\/es\/natures-sunshine-detox\/","title":{"rendered":"Natures Sunshine Detox"},"content":{"rendered":"<p>Natures Sunshine Detox Basics es un programa de desintoxicaci\u00f3n que est\u00e1 dise\u00f1ado para mantener la flora en el tracto digestivo, desintoxicar el h\u00edgado, ayudar en la eliminaci\u00f3n saludable y proteger el cuerpo de los radicales libres. <a href=\"https:\/\/caringsunshine.com\/es\/supplements\/NaturesSunshine\/products\/detox-basics.aspx\/\">M\u00e1s informaci\u00f3n sobre Detox Basics y compra aqu\u00ed<\/a>.<\/p>","protected":false},"excerpt":{"rendered":"<p>Natures Sunshine Detox Basics es un programa de desintoxicaci\u00f3n que est\u00e1 dise\u00f1ado para mantener la flora en el tracto digestivo, desintoxicar el h\u00edgado, ayudar en la eliminaci\u00f3n saludable y proteger el cuerpo de los radicales libres. Conozca m\u00e1s sobre Detox Basics y adqui\u00e9ralo aqu\u00ed.<\/p>","protected":false},"author":1,"featured_media":0,"parent":0,"menu_order":0,"comment_status":"open","ping_status":"closed","template":"page-blank-title-center.php","meta":{"_acf_changed":false,"footnotes":""},"rapid":[],"class_list":["post-6188","page","type-page","status-publish","hentry"],"acf":[],"_links":{"self":[{"href":"https:\/\/caringsunshine.com\/es\/wp-json\/wp\/v2\/pages\/6188","targetHints":{"allow":["GET"]}}],"collection":[{"href":"https:\/\/caringsunshine.com\/es\/wp-json\/wp\/v2\/pages"}],"about":[{"href":"https:\/\/caringsunshine.com\/es\/wp-json\/wp\/v2\/types\/page"}],"author":[{"embeddable":true,"href":"https:\/\/caringsunshine.com\/es\/wp-json\/wp\/v2\/users\/1"}],"replies":[{"embeddable":true,"href":"https:\/\/caringsunshine.com\/es\/wp-json\/wp\/v2\/comments?post=6188"}],"version-history":[{"count":1,"href":"https:\/\/caringsunshine.com\/es\/wp-json\/wp\/v2\/pages\/6188\/revisions"}],"predecessor-version":[{"id":3262517,"href":"https:\/\/caringsunshine.com\/es\/wp-json\/wp\/v2\/pages\/6188\/revisions\/3262517"}],"wp:attachment":[{"href":"https:\/\/caringsunshine.com\/es\/wp-json\/wp\/v2\/media?parent=6188"}],"wp:term":[{"taxonomy":"rapid","embeddable":true,"href":"https:\/\/caringsunshine.com\/es\/wp-json\/wp\/v2\/rapid?post=6188"}],"curies":[{"name":"wp","href":"https:\/\/api.w.org\/{rel}","templated":true}]}}