{"id":6186,"date":"2015-10-02T20:32:53","date_gmt":"2015-10-02T20:32:53","guid":{"rendered":"https:\/\/caringsunshine.com\/?page_id=6186"},"modified":"2024-05-11T07:26:40","modified_gmt":"2024-05-11T14:26:40","slug":"natures-sunshine-cleanse","status":"publish","type":"page","link":"https:\/\/caringsunshine.com\/es\/natures-sunshine-cleanse\/","title":{"rendered":"Natures Sunshine Cleanse"},"content":{"rendered":"<p>Los productos Natures Sunshine Cleanse son para el sistema digestivo y otros sistemas del cuerpo e incluyen CleanStart, Detox Basics, Tiao He Cleanse y muchos otros productos. Por lo general, las limpiezas est\u00e1n dise\u00f1adas para ser utilizadas durante una corta duraci\u00f3n y s\u00f3lo ocasionalmente.<\/p>","protected":false},"excerpt":{"rendered":"<p>Los productos Natures Sunshine Cleanse son para el sistema digestivo y otros sistemas del cuerpo e incluyen CleanStart, Detox Basics, Tiao He Cleanse y muchos otros productos. Por lo general, las limpiezas est\u00e1n dise\u00f1adas para ser utilizadas durante una corta duraci\u00f3n y s\u00f3lo ocasionalmente.<\/p>","protected":false},"author":1,"featured_media":0,"parent":0,"menu_order":0,"comment_status":"open","ping_status":"closed","template":"page-blank-title-center.php","meta":{"_acf_changed":false,"footnotes":""},"rapid":[],"class_list":["post-6186","page","type-page","status-publish","hentry"],"acf":[],"_links":{"self":[{"href":"https:\/\/caringsunshine.com\/es\/wp-json\/wp\/v2\/pages\/6186","targetHints":{"allow":["GET"]}}],"collection":[{"href":"https:\/\/caringsunshine.com\/es\/wp-json\/wp\/v2\/pages"}],"about":[{"href":"https:\/\/caringsunshine.com\/es\/wp-json\/wp\/v2\/types\/page"}],"author":[{"embeddable":true,"href":"https:\/\/caringsunshine.com\/es\/wp-json\/wp\/v2\/users\/1"}],"replies":[{"embeddable":true,"href":"https:\/\/caringsunshine.com\/es\/wp-json\/wp\/v2\/comments?post=6186"}],"version-history":[{"count":1,"href":"https:\/\/caringsunshine.com\/es\/wp-json\/wp\/v2\/pages\/6186\/revisions"}],"predecessor-version":[{"id":3262516,"href":"https:\/\/caringsunshine.com\/es\/wp-json\/wp\/v2\/pages\/6186\/revisions\/3262516"}],"wp:attachment":[{"href":"https:\/\/caringsunshine.com\/es\/wp-json\/wp\/v2\/media?parent=6186"}],"wp:term":[{"taxonomy":"rapid","embeddable":true,"href":"https:\/\/caringsunshine.com\/es\/wp-json\/wp\/v2\/rapid?post=6186"}],"curies":[{"name":"wp","href":"https:\/\/api.w.org\/{rel}","templated":true}]}}