{"id":6184,"date":"2015-10-02T20:32:26","date_gmt":"2015-10-02T20:32:26","guid":{"rendered":"https:\/\/caringsunshine.com\/?page_id=6184"},"modified":"2024-05-11T07:26:28","modified_gmt":"2024-05-11T14:26:28","slug":"silver-shield-natures-sunshine-2","status":"publish","type":"page","link":"https:\/\/caringsunshine.com\/es\/silver-shield-natures-sunshine-2\/","title":{"rendered":"Silver Shield Natures Sunshine"},"content":{"rendered":"<p>Silver Shield Natures Sunshine es un producto de plata coloidal con una variedad de usos. Es altamente biodisponible con la m\u00e1xima potencia y sin riesgo de toxicidad. <a href=\"https:\/\/caringsunshine.com\/es\/supplements\/NaturesSunshine\/products\/silver-shield-aqua-sol.aspx\/\">M\u00e1s informaci\u00f3n sobre Silver Shield y su compra aqu\u00ed<\/a>.<\/p>","protected":false},"excerpt":{"rendered":"<p>Silver Shield Natures Sunshine es un producto de plata coloidal con una variedad de usos. Es altamente biodisponible con la m\u00e1xima potencia y sin riesgo de toxicidad. M\u00e1s informaci\u00f3n sobre Silver Shield y compra aqu\u00ed.<\/p>","protected":false},"author":1,"featured_media":0,"parent":0,"menu_order":0,"comment_status":"open","ping_status":"closed","template":"page-blank-title-center.php","meta":{"_acf_changed":false,"footnotes":""},"rapid":[],"class_list":["post-6184","page","type-page","status-publish","hentry"],"acf":[],"_links":{"self":[{"href":"https:\/\/caringsunshine.com\/es\/wp-json\/wp\/v2\/pages\/6184","targetHints":{"allow":["GET"]}}],"collection":[{"href":"https:\/\/caringsunshine.com\/es\/wp-json\/wp\/v2\/pages"}],"about":[{"href":"https:\/\/caringsunshine.com\/es\/wp-json\/wp\/v2\/types\/page"}],"author":[{"embeddable":true,"href":"https:\/\/caringsunshine.com\/es\/wp-json\/wp\/v2\/users\/1"}],"replies":[{"embeddable":true,"href":"https:\/\/caringsunshine.com\/es\/wp-json\/wp\/v2\/comments?post=6184"}],"version-history":[{"count":1,"href":"https:\/\/caringsunshine.com\/es\/wp-json\/wp\/v2\/pages\/6184\/revisions"}],"predecessor-version":[{"id":3262515,"href":"https:\/\/caringsunshine.com\/es\/wp-json\/wp\/v2\/pages\/6184\/revisions\/3262515"}],"wp:attachment":[{"href":"https:\/\/caringsunshine.com\/es\/wp-json\/wp\/v2\/media?parent=6184"}],"wp:term":[{"taxonomy":"rapid","embeddable":true,"href":"https:\/\/caringsunshine.com\/es\/wp-json\/wp\/v2\/rapid?post=6184"}],"curies":[{"name":"wp","href":"https:\/\/api.w.org\/{rel}","templated":true}]}}