{"id":6182,"date":"2015-10-02T20:31:16","date_gmt":"2015-10-02T20:31:16","guid":{"rendered":"https:\/\/caringsunshine.com\/?page_id=6182"},"modified":"2024-05-11T07:26:18","modified_gmt":"2024-05-11T14:26:18","slug":"sunshine-chlorophyll","status":"publish","type":"page","link":"https:\/\/caringsunshine.com\/es\/sunshine-chlorophyll\/","title":{"rendered":"Clorofila solar"},"content":{"rendered":"<p>Sunshine Chlorophyll (Clorofila l\u00edquida de Nature's Sunshine) es un desodorante corporal natural que fortalece el sistema inmunol\u00f3gico y ayuda a limpiar la sangre. Nature's Sunshine ofrece clorofila en una botella de 16 y 32 onzas. <a href=\"https:\/\/caringsunshine.com\/es\/supplements\/NaturesSunshine\/products\/chlorophyll-liquid-16.aspx\/\">Conozca m\u00e1s sobre Nature's Sunshine Chlorophyll y compre aqu\u00ed<\/a>.<\/p>","protected":false},"excerpt":{"rendered":"<p>Sunshine Chlorophyll (Clorofila l\u00edquida de Nature's Sunshine) es un desodorante corporal natural que fortalece el sistema inmunol\u00f3gico y ayuda a limpiar la sangre. Nature's Sunshine ofrece clorofila en una botella de 16 y 32 onzas. Aprende m\u00e1s sobre la Clorofila de Nature's Sunshine y c\u00f3mprala aqu\u00ed.<\/p>","protected":false},"author":1,"featured_media":0,"parent":0,"menu_order":0,"comment_status":"open","ping_status":"closed","template":"page-blank-title-center.php","meta":{"_acf_changed":false,"footnotes":""},"rapid":[],"class_list":["post-6182","page","type-page","status-publish","hentry"],"acf":[],"_links":{"self":[{"href":"https:\/\/caringsunshine.com\/es\/wp-json\/wp\/v2\/pages\/6182","targetHints":{"allow":["GET"]}}],"collection":[{"href":"https:\/\/caringsunshine.com\/es\/wp-json\/wp\/v2\/pages"}],"about":[{"href":"https:\/\/caringsunshine.com\/es\/wp-json\/wp\/v2\/types\/page"}],"author":[{"embeddable":true,"href":"https:\/\/caringsunshine.com\/es\/wp-json\/wp\/v2\/users\/1"}],"replies":[{"embeddable":true,"href":"https:\/\/caringsunshine.com\/es\/wp-json\/wp\/v2\/comments?post=6182"}],"version-history":[{"count":1,"href":"https:\/\/caringsunshine.com\/es\/wp-json\/wp\/v2\/pages\/6182\/revisions"}],"predecessor-version":[{"id":3262514,"href":"https:\/\/caringsunshine.com\/es\/wp-json\/wp\/v2\/pages\/6182\/revisions\/3262514"}],"wp:attachment":[{"href":"https:\/\/caringsunshine.com\/es\/wp-json\/wp\/v2\/media?parent=6182"}],"wp:term":[{"taxonomy":"rapid","embeddable":true,"href":"https:\/\/caringsunshine.com\/es\/wp-json\/wp\/v2\/rapid?post=6182"}],"curies":[{"name":"wp","href":"https:\/\/api.w.org\/{rel}","templated":true}]}}