{"id":6176,"date":"2015-10-02T20:29:27","date_gmt":"2015-10-02T20:29:27","guid":{"rendered":"https:\/\/caringsunshine.com\/?page_id=6176"},"modified":"2024-05-11T07:25:57","modified_gmt":"2024-05-11T14:25:57","slug":"psyllium-hulls-combination","status":"publish","type":"page","link":"https:\/\/caringsunshine.com\/es\/psyllium-hulls-combination\/","title":{"rendered":"Combinaci\u00f3n de cascos de psilio"},"content":{"rendered":"<p>Psyllium Hulls Combination es un producto digestivo vendido por Nature's Sunshine. Est\u00e1 dise\u00f1ado para ayudar a la regularidad, liberar el sistema digestivo de toxinas y apoyar los niveles saludables de colesterol.\u00a0<a href=\"https:\/\/caringsunshine.com\/es\/supplements\/NaturesSunshine\/products\/psyllium-hulls-combination.aspx\/\">M\u00e1s informaci\u00f3n sobre la combinaci\u00f3n de cascos de Pshyllium y su compra aqu\u00ed<\/a>.<\/p>","protected":false},"excerpt":{"rendered":"<p>Psyllium Hulls Combination es un producto digestivo vendido por Nature's Sunshine. Est\u00e1 dise\u00f1ado para ayudar a la regularidad, liberar el sistema digestivo de toxinas y apoyar niveles saludables de colesterol. Obtenga m\u00e1s informaci\u00f3n sobre Pshyllium Hulls Combination y c\u00f3mprelo aqu\u00ed.<\/p>","protected":false},"author":1,"featured_media":0,"parent":0,"menu_order":0,"comment_status":"open","ping_status":"closed","template":"page-blank-title-center.php","meta":{"_acf_changed":false,"footnotes":""},"rapid":[],"class_list":["post-6176","page","type-page","status-publish","hentry"],"acf":[],"_links":{"self":[{"href":"https:\/\/caringsunshine.com\/es\/wp-json\/wp\/v2\/pages\/6176","targetHints":{"allow":["GET"]}}],"collection":[{"href":"https:\/\/caringsunshine.com\/es\/wp-json\/wp\/v2\/pages"}],"about":[{"href":"https:\/\/caringsunshine.com\/es\/wp-json\/wp\/v2\/types\/page"}],"author":[{"embeddable":true,"href":"https:\/\/caringsunshine.com\/es\/wp-json\/wp\/v2\/users\/1"}],"replies":[{"embeddable":true,"href":"https:\/\/caringsunshine.com\/es\/wp-json\/wp\/v2\/comments?post=6176"}],"version-history":[{"count":1,"href":"https:\/\/caringsunshine.com\/es\/wp-json\/wp\/v2\/pages\/6176\/revisions"}],"predecessor-version":[{"id":3262511,"href":"https:\/\/caringsunshine.com\/es\/wp-json\/wp\/v2\/pages\/6176\/revisions\/3262511"}],"wp:attachment":[{"href":"https:\/\/caringsunshine.com\/es\/wp-json\/wp\/v2\/media?parent=6176"}],"wp:term":[{"taxonomy":"rapid","embeddable":true,"href":"https:\/\/caringsunshine.com\/es\/wp-json\/wp\/v2\/rapid?post=6176"}],"curies":[{"name":"wp","href":"https:\/\/api.w.org\/{rel}","templated":true}]}}