{"id":6174,"date":"2015-10-02T20:24:49","date_gmt":"2015-10-02T20:24:49","guid":{"rendered":"https:\/\/caringsunshine.com\/?page_id=6174"},"modified":"2024-05-11T07:25:49","modified_gmt":"2024-05-11T14:25:49","slug":"natures-sunshine-liquid-chlorophyll","status":"publish","type":"page","link":"https:\/\/caringsunshine.com\/es\/natures-sunshine-liquid-chlorophyll\/","title":{"rendered":"Clorofila l\u00edquida Natures Sunshine"},"content":{"rendered":"<p>La clorofila l\u00edquida de Natures Sunshine es un producto popular utilizado para la limpieza de la sangre, el aumento de la respuesta inmune y una forma natural de desodorizar el cuerpo. La clorofila de Nature's Sunshine tiene un gran sabor y es rentable.\u00a0\u00a0<a href=\"https:\/\/caringsunshine.com\/es\/supplements\/NaturesSunshine\/products\/chlorophyll-liquid-16.aspx\/\">Compre clorofila l\u00edquida y obtenga m\u00e1s informaci\u00f3n aqu\u00ed<\/a>.<\/p>","protected":false},"excerpt":{"rendered":"<p>La clorofila l\u00edquida de Natures Sunshine es un producto popular utilizado para la limpieza de la sangre, el aumento de la respuesta inmune y una forma natural de desodorizar el cuerpo. La clorofila de Nature's Sunshine tiene un gran sabor y es rentable.  Compre la clorofila l\u00edquida y obtenga m\u00e1s informaci\u00f3n aqu\u00ed.<\/p>","protected":false},"author":1,"featured_media":0,"parent":0,"menu_order":0,"comment_status":"open","ping_status":"closed","template":"page-blank-title-center.php","meta":{"_acf_changed":false,"footnotes":""},"rapid":[],"class_list":["post-6174","page","type-page","status-publish","hentry"],"acf":[],"_links":{"self":[{"href":"https:\/\/caringsunshine.com\/es\/wp-json\/wp\/v2\/pages\/6174","targetHints":{"allow":["GET"]}}],"collection":[{"href":"https:\/\/caringsunshine.com\/es\/wp-json\/wp\/v2\/pages"}],"about":[{"href":"https:\/\/caringsunshine.com\/es\/wp-json\/wp\/v2\/types\/page"}],"author":[{"embeddable":true,"href":"https:\/\/caringsunshine.com\/es\/wp-json\/wp\/v2\/users\/1"}],"replies":[{"embeddable":true,"href":"https:\/\/caringsunshine.com\/es\/wp-json\/wp\/v2\/comments?post=6174"}],"version-history":[{"count":1,"href":"https:\/\/caringsunshine.com\/es\/wp-json\/wp\/v2\/pages\/6174\/revisions"}],"predecessor-version":[{"id":3262510,"href":"https:\/\/caringsunshine.com\/es\/wp-json\/wp\/v2\/pages\/6174\/revisions\/3262510"}],"wp:attachment":[{"href":"https:\/\/caringsunshine.com\/es\/wp-json\/wp\/v2\/media?parent=6174"}],"wp:term":[{"taxonomy":"rapid","embeddable":true,"href":"https:\/\/caringsunshine.com\/es\/wp-json\/wp\/v2\/rapid?post=6174"}],"curies":[{"name":"wp","href":"https:\/\/api.w.org\/{rel}","templated":true}]}}