{"id":6170,"date":"2015-10-02T20:21:12","date_gmt":"2015-10-02T20:21:12","guid":{"rendered":"https:\/\/caringsunshine.com\/?page_id=6170"},"modified":"2024-05-11T07:25:34","modified_gmt":"2024-05-11T14:25:34","slug":"natures-sunshine-en-espanol","status":"publish","type":"page","link":"https:\/\/caringsunshine.com\/es\/natures-sunshine-en-espanol\/","title":{"rendered":"Natures Sunshine en Espa\u00f1ol"},"content":{"rendered":"<p>Natures Sunshine in Espanol - Visite el <a href=\"https:\/\/caringsunshine.com\/es\">espanol<\/a> de este sitio o llame para hablar con un representante de habla hispana al 888-672-8460. Ofrecemos todos los productos de Nature's Sunshine con un gran servicio y un env\u00edo r\u00e1pido, pagando s\u00f3lo el precio de socio.<\/p>","protected":false},"excerpt":{"rendered":"<p>Natures Sunshine en Espa\u00f1ol - Visita la versi\u00f3n en espa\u00f1ol de este sitio o llama para hablar con un representante de habla hispana al 888-672-8460. Ofrecemos todos los productos de Nature's Sunshine con un gran servicio y un env\u00edo r\u00e1pido, pagando s\u00f3lo el precio de socio.<\/p>","protected":false},"author":1,"featured_media":0,"parent":0,"menu_order":0,"comment_status":"open","ping_status":"closed","template":"page-blank-title-center.php","meta":{"_acf_changed":false,"footnotes":""},"rapid":[],"class_list":["post-6170","page","type-page","status-publish","hentry"],"acf":[],"_links":{"self":[{"href":"https:\/\/caringsunshine.com\/es\/wp-json\/wp\/v2\/pages\/6170","targetHints":{"allow":["GET"]}}],"collection":[{"href":"https:\/\/caringsunshine.com\/es\/wp-json\/wp\/v2\/pages"}],"about":[{"href":"https:\/\/caringsunshine.com\/es\/wp-json\/wp\/v2\/types\/page"}],"author":[{"embeddable":true,"href":"https:\/\/caringsunshine.com\/es\/wp-json\/wp\/v2\/users\/1"}],"replies":[{"embeddable":true,"href":"https:\/\/caringsunshine.com\/es\/wp-json\/wp\/v2\/comments?post=6170"}],"version-history":[{"count":1,"href":"https:\/\/caringsunshine.com\/es\/wp-json\/wp\/v2\/pages\/6170\/revisions"}],"predecessor-version":[{"id":3261211,"href":"https:\/\/caringsunshine.com\/es\/wp-json\/wp\/v2\/pages\/6170\/revisions\/3261211"}],"wp:attachment":[{"href":"https:\/\/caringsunshine.com\/es\/wp-json\/wp\/v2\/media?parent=6170"}],"wp:term":[{"taxonomy":"rapid","embeddable":true,"href":"https:\/\/caringsunshine.com\/es\/wp-json\/wp\/v2\/rapid?post=6170"}],"curies":[{"name":"wp","href":"https:\/\/api.w.org\/{rel}","templated":true}]}}