{"id":6168,"date":"2015-10-02T20:20:46","date_gmt":"2015-10-02T20:20:46","guid":{"rendered":"https:\/\/caringsunshine.com\/?page_id=6168"},"modified":"2024-05-11T07:25:27","modified_gmt":"2024-05-11T14:25:27","slug":"natures-sunshine-paw-paw-cell-reg","status":"publish","type":"page","link":"https:\/\/caringsunshine.com\/es\/natures-sunshine-paw-paw-cell-reg\/","title":{"rendered":"Nature's Sunshine Paw Paw Cell-Reg"},"content":{"rendered":"<p>Nature's Sunshine Paw Paw Cell-Reg es una f\u00f3rmula personalizada que est\u00e1 dise\u00f1ada para apoyar la salud de las c\u00e9lulas y mejorar la circulaci\u00f3n de la sangre a las c\u00e9lulas. Se encuentra entre los diez productos m\u00e1s populares de Nature's Sunshine, l\u00edder durante d\u00e9cadas en la industria de los suplementos nutricionales. <a href=\"https:\/\/caringsunshine.com\/es\/supplements\/NaturesSunshine\/products\/paw-paw-cell-reg.aspx\/\">M\u00e1s informaci\u00f3n sobre Paw Paw Cell-Reg y compra aqu\u00ed<\/a>.<\/p>","protected":false},"excerpt":{"rendered":"<p>Nature's Sunshine Paw Paw Cell-Reg es una f\u00f3rmula personalizada que est\u00e1 dise\u00f1ada para apoyar la salud de las c\u00e9lulas y mejorar la circulaci\u00f3n de la sangre a las c\u00e9lulas. Se encuentra entre los diez productos m\u00e1s populares de Nature's Sunshine, un l\u00edder de d\u00e9cadas en la industria de los suplementos nutricionales. Conozca m\u00e1s sobre Paw Paw Cell-Reg y [...]","protected":false},"author":1,"featured_media":0,"parent":0,"menu_order":0,"comment_status":"open","ping_status":"closed","template":"page-blank-title-center.php","meta":{"_acf_changed":false,"footnotes":""},"rapid":[],"class_list":["post-6168","page","type-page","status-publish","hentry"],"acf":[],"_links":{"self":[{"href":"https:\/\/caringsunshine.com\/es\/wp-json\/wp\/v2\/pages\/6168","targetHints":{"allow":["GET"]}}],"collection":[{"href":"https:\/\/caringsunshine.com\/es\/wp-json\/wp\/v2\/pages"}],"about":[{"href":"https:\/\/caringsunshine.com\/es\/wp-json\/wp\/v2\/types\/page"}],"author":[{"embeddable":true,"href":"https:\/\/caringsunshine.com\/es\/wp-json\/wp\/v2\/users\/1"}],"replies":[{"embeddable":true,"href":"https:\/\/caringsunshine.com\/es\/wp-json\/wp\/v2\/comments?post=6168"}],"version-history":[{"count":1,"href":"https:\/\/caringsunshine.com\/es\/wp-json\/wp\/v2\/pages\/6168\/revisions"}],"predecessor-version":[{"id":3262508,"href":"https:\/\/caringsunshine.com\/es\/wp-json\/wp\/v2\/pages\/6168\/revisions\/3262508"}],"wp:attachment":[{"href":"https:\/\/caringsunshine.com\/es\/wp-json\/wp\/v2\/media?parent=6168"}],"wp:term":[{"taxonomy":"rapid","embeddable":true,"href":"https:\/\/caringsunshine.com\/es\/wp-json\/wp\/v2\/rapid?post=6168"}],"curies":[{"name":"wp","href":"https:\/\/api.w.org\/{rel}","templated":true}]}}