{"id":6166,"date":"2015-10-02T20:20:10","date_gmt":"2015-10-02T20:20:10","guid":{"rendered":"https:\/\/caringsunshine.com\/?page_id=6166"},"modified":"2024-05-11T07:25:19","modified_gmt":"2024-05-11T14:25:19","slug":"natures-sunshine-coupons","status":"publish","type":"page","link":"https:\/\/caringsunshine.com\/es\/natures-sunshine-coupons\/","title":{"rendered":"Cupones de Natures Sunshine"},"content":{"rendered":"<p>Los cupones de Natures Sunshine no suelen estar disponibles para el p\u00fablico en general y, de hecho, rara vez se reparten entre los socios. Lo que Nature's Sunshine prefiere hacer en lugar de cupones son promociones especiales y ventas a corto plazo. <a href=\"https:\/\/caringsunshine.com\/es\/weeklyspecials\/\">Puedes ver las ventas actuales de los productos de Nature's Sunshine aqu\u00ed<\/a>. Para saber m\u00e1s sobre c\u00f3mo ahorrar dinero a trav\u00e9s de una membres\u00eda de Nature's Sunshine, <a href=\"https:\/\/caringsunshine.com\/es\/savingtips-2\/\">consulte los sencillos consejos aqu\u00ed<\/a>.<\/p>","protected":false},"excerpt":{"rendered":"<p>Los cupones de Natures Sunshine no suelen estar disponibles para el p\u00fablico en general y, de hecho, rara vez se reparten entre los socios. Lo que Nature's Sunshine prefiere hacer en lugar de cupones son promociones especiales y ventas a corto plazo. Puedes ver las ventas actuales de productos Nature's Sunshine aqu\u00ed. Para saber m\u00e1s sobre c\u00f3mo ahorrar [...]","protected":false},"author":1,"featured_media":0,"parent":0,"menu_order":0,"comment_status":"open","ping_status":"closed","template":"page-blank-title-center.php","meta":{"_acf_changed":false,"footnotes":""},"rapid":[],"class_list":["post-6166","page","type-page","status-publish","hentry"],"acf":[],"_links":{"self":[{"href":"https:\/\/caringsunshine.com\/es\/wp-json\/wp\/v2\/pages\/6166","targetHints":{"allow":["GET"]}}],"collection":[{"href":"https:\/\/caringsunshine.com\/es\/wp-json\/wp\/v2\/pages"}],"about":[{"href":"https:\/\/caringsunshine.com\/es\/wp-json\/wp\/v2\/types\/page"}],"author":[{"embeddable":true,"href":"https:\/\/caringsunshine.com\/es\/wp-json\/wp\/v2\/users\/1"}],"replies":[{"embeddable":true,"href":"https:\/\/caringsunshine.com\/es\/wp-json\/wp\/v2\/comments?post=6166"}],"version-history":[{"count":1,"href":"https:\/\/caringsunshine.com\/es\/wp-json\/wp\/v2\/pages\/6166\/revisions"}],"predecessor-version":[{"id":3262507,"href":"https:\/\/caringsunshine.com\/es\/wp-json\/wp\/v2\/pages\/6166\/revisions\/3262507"}],"wp:attachment":[{"href":"https:\/\/caringsunshine.com\/es\/wp-json\/wp\/v2\/media?parent=6166"}],"wp:term":[{"taxonomy":"rapid","embeddable":true,"href":"https:\/\/caringsunshine.com\/es\/wp-json\/wp\/v2\/rapid?post=6166"}],"curies":[{"name":"wp","href":"https:\/\/api.w.org\/{rel}","templated":true}]}}