{"id":6164,"date":"2015-10-02T20:19:39","date_gmt":"2015-10-02T20:19:39","guid":{"rendered":"https:\/\/caringsunshine.com\/?page_id=6164"},"modified":"2024-05-11T07:25:12","modified_gmt":"2024-05-11T14:25:12","slug":"naturessunshineproducts","status":"publish","type":"page","link":"https:\/\/caringsunshine.com\/es\/naturessunshineproducts\/","title":{"rendered":"Naturessunshineproducts"},"content":{"rendered":"<p>Los productos Naturessunshine (productos Nature's Sunshine) incluyen f\u00f3rmulas personalizadas para condiciones de salud espec\u00edficas, multivitaminas, productos familiares, minerales y hierbas de alta potencia. Nature's Sunshine lleva m\u00e1s de 40 a\u00f1os ofreciendo los mejores productos de la industria y tiene su sede en Utah, Estados Unidos.<\/p>","protected":false},"excerpt":{"rendered":"<p>Los productos Naturessunshine (productos Nature's Sunshine) incluyen f\u00f3rmulas personalizadas para condiciones de salud espec\u00edficas, multivitaminas, productos familiares, minerales y hierbas de alta potencia. Nature's Sunshine lleva m\u00e1s de 40 a\u00f1os ofreciendo los mejores productos de la industria y tiene su sede en Utah, Estados Unidos.<\/p>","protected":false},"author":1,"featured_media":0,"parent":0,"menu_order":0,"comment_status":"open","ping_status":"closed","template":"page-blank-title-center.php","meta":{"_acf_changed":false,"footnotes":""},"rapid":[],"class_list":["post-6164","page","type-page","status-publish","hentry"],"acf":[],"_links":{"self":[{"href":"https:\/\/caringsunshine.com\/es\/wp-json\/wp\/v2\/pages\/6164","targetHints":{"allow":["GET"]}}],"collection":[{"href":"https:\/\/caringsunshine.com\/es\/wp-json\/wp\/v2\/pages"}],"about":[{"href":"https:\/\/caringsunshine.com\/es\/wp-json\/wp\/v2\/types\/page"}],"author":[{"embeddable":true,"href":"https:\/\/caringsunshine.com\/es\/wp-json\/wp\/v2\/users\/1"}],"replies":[{"embeddable":true,"href":"https:\/\/caringsunshine.com\/es\/wp-json\/wp\/v2\/comments?post=6164"}],"version-history":[{"count":1,"href":"https:\/\/caringsunshine.com\/es\/wp-json\/wp\/v2\/pages\/6164\/revisions"}],"predecessor-version":[{"id":3262506,"href":"https:\/\/caringsunshine.com\/es\/wp-json\/wp\/v2\/pages\/6164\/revisions\/3262506"}],"wp:attachment":[{"href":"https:\/\/caringsunshine.com\/es\/wp-json\/wp\/v2\/media?parent=6164"}],"wp:term":[{"taxonomy":"rapid","embeddable":true,"href":"https:\/\/caringsunshine.com\/es\/wp-json\/wp\/v2\/rapid?post=6164"}],"curies":[{"name":"wp","href":"https:\/\/api.w.org\/{rel}","templated":true}]}}