{"id":6162,"date":"2015-10-02T20:19:08","date_gmt":"2015-10-02T20:19:08","guid":{"rendered":"https:\/\/caringsunshine.com\/?page_id=6162"},"modified":"2024-05-11T07:25:03","modified_gmt":"2024-05-11T14:25:03","slug":"paw-paw-cell-regulator","status":"publish","type":"page","link":"https:\/\/caringsunshine.com\/es\/paw-paw-cell-regulator\/","title":{"rendered":"Regulador celular de la pata"},"content":{"rendered":"<p>Paw Paw Cell Regulator (tambi\u00e9n conocido como Paw Paw Cell Reg) es un producto de Nature's Sunshine dise\u00f1ado para fomentar el crecimiento saludable de las c\u00e9lulas, especialmente al mejorar la circulaci\u00f3n sangu\u00ednea de las mismas. <a href=\"https:\/\/caringsunshine.com\/es\/supplements\/NaturesSunshine\/products\/paw-paw-cell-reg.aspx\/\">M\u00e1s informaci\u00f3n sobre Paw Paw Cell Reg y compra aqu\u00ed<\/a>.<\/p>","protected":false},"excerpt":{"rendered":"<p>Paw Paw Cell Regulator (tambi\u00e9n conocido como Paw Paw Cell Reg) es un producto de Nature's Sunshine dise\u00f1ado para fomentar el crecimiento saludable de las c\u00e9lulas, especialmente mejorando la circulaci\u00f3n de la sangre a las c\u00e9lulas. Conozca m\u00e1s sobre Paw Paw Cell Reg y compre aqu\u00ed.<\/p>","protected":false},"author":1,"featured_media":0,"parent":0,"menu_order":0,"comment_status":"open","ping_status":"closed","template":"page-blank-title-center.php","meta":{"_acf_changed":false,"footnotes":""},"rapid":[],"class_list":["post-6162","page","type-page","status-publish","hentry"],"acf":[],"_links":{"self":[{"href":"https:\/\/caringsunshine.com\/es\/wp-json\/wp\/v2\/pages\/6162","targetHints":{"allow":["GET"]}}],"collection":[{"href":"https:\/\/caringsunshine.com\/es\/wp-json\/wp\/v2\/pages"}],"about":[{"href":"https:\/\/caringsunshine.com\/es\/wp-json\/wp\/v2\/types\/page"}],"author":[{"embeddable":true,"href":"https:\/\/caringsunshine.com\/es\/wp-json\/wp\/v2\/users\/1"}],"replies":[{"embeddable":true,"href":"https:\/\/caringsunshine.com\/es\/wp-json\/wp\/v2\/comments?post=6162"}],"version-history":[{"count":1,"href":"https:\/\/caringsunshine.com\/es\/wp-json\/wp\/v2\/pages\/6162\/revisions"}],"predecessor-version":[{"id":3262505,"href":"https:\/\/caringsunshine.com\/es\/wp-json\/wp\/v2\/pages\/6162\/revisions\/3262505"}],"wp:attachment":[{"href":"https:\/\/caringsunshine.com\/es\/wp-json\/wp\/v2\/media?parent=6162"}],"wp:term":[{"taxonomy":"rapid","embeddable":true,"href":"https:\/\/caringsunshine.com\/es\/wp-json\/wp\/v2\/rapid?post=6162"}],"curies":[{"name":"wp","href":"https:\/\/api.w.org\/{rel}","templated":true}]}}