{"id":6160,"date":"2015-10-02T20:18:38","date_gmt":"2015-10-02T20:18:38","guid":{"rendered":"https:\/\/caringsunshine.com\/?page_id=6160"},"modified":"2024-05-11T07:24:54","modified_gmt":"2024-05-11T14:24:54","slug":"sunshine-natures","status":"publish","type":"page","link":"https:\/\/caringsunshine.com\/es\/sunshine-natures\/","title":{"rendered":"Sunshine Natures"},"content":{"rendered":"<p>Los productos de Sunshine Natures (Nature's Sunshine) han sido l\u00edderes en la industria de los suplementos nutricionales durante m\u00e1s de 40 a\u00f1os. Fabricados con procesos estrictos para preservar la calidad y la potencia, estos productos son rentables, seguros y potentes ayudas para su salud y la de su familia.<\/p>","protected":false},"excerpt":{"rendered":"<p>Los productos de Sunshine Natures (Nature's Sunshine) han sido l\u00edderes en la industria de los suplementos nutricionales durante m\u00e1s de 40 a\u00f1os. Fabricados con procesos estrictos para preservar la calidad y la potencia, estos productos son rentables, seguros y potentes ayudas para su salud y la de su familia.<\/p>","protected":false},"author":1,"featured_media":0,"parent":0,"menu_order":0,"comment_status":"open","ping_status":"closed","template":"page-blank-title-center.php","meta":{"_acf_changed":false,"footnotes":""},"rapid":[],"class_list":["post-6160","page","type-page","status-publish","hentry"],"acf":[],"_links":{"self":[{"href":"https:\/\/caringsunshine.com\/es\/wp-json\/wp\/v2\/pages\/6160","targetHints":{"allow":["GET"]}}],"collection":[{"href":"https:\/\/caringsunshine.com\/es\/wp-json\/wp\/v2\/pages"}],"about":[{"href":"https:\/\/caringsunshine.com\/es\/wp-json\/wp\/v2\/types\/page"}],"author":[{"embeddable":true,"href":"https:\/\/caringsunshine.com\/es\/wp-json\/wp\/v2\/users\/1"}],"replies":[{"embeddable":true,"href":"https:\/\/caringsunshine.com\/es\/wp-json\/wp\/v2\/comments?post=6160"}],"version-history":[{"count":1,"href":"https:\/\/caringsunshine.com\/es\/wp-json\/wp\/v2\/pages\/6160\/revisions"}],"predecessor-version":[{"id":3262504,"href":"https:\/\/caringsunshine.com\/es\/wp-json\/wp\/v2\/pages\/6160\/revisions\/3262504"}],"wp:attachment":[{"href":"https:\/\/caringsunshine.com\/es\/wp-json\/wp\/v2\/media?parent=6160"}],"wp:term":[{"taxonomy":"rapid","embeddable":true,"href":"https:\/\/caringsunshine.com\/es\/wp-json\/wp\/v2\/rapid?post=6160"}],"curies":[{"name":"wp","href":"https:\/\/api.w.org\/{rel}","templated":true}]}}