{"id":6156,"date":"2015-10-02T20:17:41","date_gmt":"2015-10-02T20:17:41","guid":{"rendered":"https:\/\/caringsunshine.com\/?page_id=6156"},"modified":"2024-05-11T07:24:40","modified_gmt":"2024-05-11T14:24:40","slug":"natures-shunshine","status":"publish","type":"page","link":"https:\/\/caringsunshine.com\/es\/natures-shunshine\/","title":{"rendered":"Natures Shunshine"},"content":{"rendered":"<p>Natures Shunshine (Nature's Sunshine) fabrica y distribuye m\u00e1s de 400 suplementos nutricionales considerados de primera calidad y muy potentes dentro del sector. Una compa\u00f1\u00eda de 40 a\u00f1os, Nature's Sunshine establece un est\u00e1ndar que no puede ser superado. Vendemos todos sus productos aqu\u00ed en este sitio.<\/p>","protected":false},"excerpt":{"rendered":"<p>Natures Shunshine (Nature's Sunshine) fabrica y distribuye m\u00e1s de 400 suplementos nutricionales considerados de primera calidad y muy potentes dentro del sector. Una compa\u00f1\u00eda de 40 a\u00f1os, Nature's Sunshine establece un est\u00e1ndar que no puede ser superado. Vendemos todos sus productos aqu\u00ed en este sitio.<\/p>","protected":false},"author":1,"featured_media":0,"parent":0,"menu_order":0,"comment_status":"open","ping_status":"closed","template":"page-blank-title-center.php","meta":{"_acf_changed":false,"footnotes":""},"rapid":[],"class_list":["post-6156","page","type-page","status-publish","hentry"],"acf":[],"_links":{"self":[{"href":"https:\/\/caringsunshine.com\/es\/wp-json\/wp\/v2\/pages\/6156","targetHints":{"allow":["GET"]}}],"collection":[{"href":"https:\/\/caringsunshine.com\/es\/wp-json\/wp\/v2\/pages"}],"about":[{"href":"https:\/\/caringsunshine.com\/es\/wp-json\/wp\/v2\/types\/page"}],"author":[{"embeddable":true,"href":"https:\/\/caringsunshine.com\/es\/wp-json\/wp\/v2\/users\/1"}],"replies":[{"embeddable":true,"href":"https:\/\/caringsunshine.com\/es\/wp-json\/wp\/v2\/comments?post=6156"}],"version-history":[{"count":1,"href":"https:\/\/caringsunshine.com\/es\/wp-json\/wp\/v2\/pages\/6156\/revisions"}],"predecessor-version":[{"id":3262502,"href":"https:\/\/caringsunshine.com\/es\/wp-json\/wp\/v2\/pages\/6156\/revisions\/3262502"}],"wp:attachment":[{"href":"https:\/\/caringsunshine.com\/es\/wp-json\/wp\/v2\/media?parent=6156"}],"wp:term":[{"taxonomy":"rapid","embeddable":true,"href":"https:\/\/caringsunshine.com\/es\/wp-json\/wp\/v2\/rapid?post=6156"}],"curies":[{"name":"wp","href":"https:\/\/api.w.org\/{rel}","templated":true}]}}