{"id":6154,"date":"2015-10-02T20:15:40","date_gmt":"2015-10-02T20:15:40","guid":{"rendered":"https:\/\/caringsunshine.com\/?page_id=6154"},"modified":"2024-05-11T07:24:34","modified_gmt":"2024-05-11T14:24:34","slug":"clean-start-reviews","status":"publish","type":"page","link":"https:\/\/caringsunshine.com\/es\/clean-start-reviews\/","title":{"rendered":"Rese\u00f1as de Clean Start"},"content":{"rendered":"<p>Rese\u00f1as de Clean Start: Como uno de los productos m\u00e1s vendidos de Nature's Sunshines, CleanStart recibe muy buenas cr\u00edticas de numerosos clientes que han tomado la limpieza de 14 d\u00edas en las \u00faltimas d\u00e9cadas. Es una forma muy sencilla de hacer una limpieza ocasional del sistema digestivo. <a href=\"https:\/\/caringsunshine.com\/es\/supplements\/NaturesSunshine\/products\/cleanstart.aspx\/\">M\u00e1s informaci\u00f3n sobre CleanStart y su compra aqu\u00ed<\/a>.<\/p>","protected":false},"excerpt":{"rendered":"<p>Rese\u00f1as de Clean Start: Como uno de los productos m\u00e1s vendidos de Nature's Sunshines, CleanStart recibe muy buenas cr\u00edticas de numerosos clientes que han tomado la limpieza de 14 d\u00edas en las \u00faltimas d\u00e9cadas. Es una forma muy sencilla de hacer una limpieza ocasional del sistema digestivo. Conozca m\u00e1s sobre CleanStart y adqui\u00e9ralo aqu\u00ed.<\/p>","protected":false},"author":1,"featured_media":0,"parent":0,"menu_order":0,"comment_status":"open","ping_status":"closed","template":"page-blank-title-center.php","meta":{"_acf_changed":false,"footnotes":""},"rapid":[],"class_list":["post-6154","page","type-page","status-publish","hentry"],"acf":[],"_links":{"self":[{"href":"https:\/\/caringsunshine.com\/es\/wp-json\/wp\/v2\/pages\/6154","targetHints":{"allow":["GET"]}}],"collection":[{"href":"https:\/\/caringsunshine.com\/es\/wp-json\/wp\/v2\/pages"}],"about":[{"href":"https:\/\/caringsunshine.com\/es\/wp-json\/wp\/v2\/types\/page"}],"author":[{"embeddable":true,"href":"https:\/\/caringsunshine.com\/es\/wp-json\/wp\/v2\/users\/1"}],"replies":[{"embeddable":true,"href":"https:\/\/caringsunshine.com\/es\/wp-json\/wp\/v2\/comments?post=6154"}],"version-history":[{"count":1,"href":"https:\/\/caringsunshine.com\/es\/wp-json\/wp\/v2\/pages\/6154\/revisions"}],"predecessor-version":[{"id":3262501,"href":"https:\/\/caringsunshine.com\/es\/wp-json\/wp\/v2\/pages\/6154\/revisions\/3262501"}],"wp:attachment":[{"href":"https:\/\/caringsunshine.com\/es\/wp-json\/wp\/v2\/media?parent=6154"}],"wp:term":[{"taxonomy":"rapid","embeddable":true,"href":"https:\/\/caringsunshine.com\/es\/wp-json\/wp\/v2\/rapid?post=6154"}],"curies":[{"name":"wp","href":"https:\/\/api.w.org\/{rel}","templated":true}]}}