{"id":6152,"date":"2015-10-02T20:15:09","date_gmt":"2015-10-02T20:15:09","guid":{"rendered":"https:\/\/caringsunshine.com\/?page_id=6152"},"modified":"2024-05-11T07:24:27","modified_gmt":"2024-05-11T14:24:27","slug":"natures-sunshine-clean-start","status":"publish","type":"page","link":"https:\/\/caringsunshine.com\/es\/natures-sunshine-clean-start\/","title":{"rendered":"Natures Sunshine Clean Start"},"content":{"rendered":"<p>Natures Sunshine Clean Start es una limpieza de 14 d\u00edas dise\u00f1ada para limpiar el sistema digestivo y hacer que funcione m\u00e1s eficazmente. <a href=\"https:\/\/caringsunshine.com\/es\/supplements\/NaturesSunshine\/products\/cleanstart.aspx\/\">M\u00e1s informaci\u00f3n sobre Clean Start y pedidos aqu\u00ed<\/a>.<\/p>","protected":false},"excerpt":{"rendered":"<p>Natures Sunshine Clean Start es una limpieza de 14 d\u00edas dise\u00f1ada para limpiar el sistema digestivo y hacer que funcione m\u00e1s eficazmente. Conozca m\u00e1s sobre Clean Start y haga su pedido aqu\u00ed.<\/p>","protected":false},"author":1,"featured_media":0,"parent":0,"menu_order":0,"comment_status":"open","ping_status":"closed","template":"page-blank-title-center.php","meta":{"_acf_changed":false,"footnotes":""},"rapid":[],"class_list":["post-6152","page","type-page","status-publish","hentry"],"acf":[],"_links":{"self":[{"href":"https:\/\/caringsunshine.com\/es\/wp-json\/wp\/v2\/pages\/6152","targetHints":{"allow":["GET"]}}],"collection":[{"href":"https:\/\/caringsunshine.com\/es\/wp-json\/wp\/v2\/pages"}],"about":[{"href":"https:\/\/caringsunshine.com\/es\/wp-json\/wp\/v2\/types\/page"}],"author":[{"embeddable":true,"href":"https:\/\/caringsunshine.com\/es\/wp-json\/wp\/v2\/users\/1"}],"replies":[{"embeddable":true,"href":"https:\/\/caringsunshine.com\/es\/wp-json\/wp\/v2\/comments?post=6152"}],"version-history":[{"count":1,"href":"https:\/\/caringsunshine.com\/es\/wp-json\/wp\/v2\/pages\/6152\/revisions"}],"predecessor-version":[{"id":3262500,"href":"https:\/\/caringsunshine.com\/es\/wp-json\/wp\/v2\/pages\/6152\/revisions\/3262500"}],"wp:attachment":[{"href":"https:\/\/caringsunshine.com\/es\/wp-json\/wp\/v2\/media?parent=6152"}],"wp:term":[{"taxonomy":"rapid","embeddable":true,"href":"https:\/\/caringsunshine.com\/es\/wp-json\/wp\/v2\/rapid?post=6152"}],"curies":[{"name":"wp","href":"https:\/\/api.w.org\/{rel}","templated":true}]}}