{"id":6148,"date":"2015-10-02T20:14:11","date_gmt":"2015-10-02T20:14:11","guid":{"rendered":"https:\/\/caringsunshine.com\/?page_id=6148"},"modified":"2024-05-11T07:24:15","modified_gmt":"2024-05-11T14:24:15","slug":"natures-sunshines","status":"publish","type":"page","link":"https:\/\/caringsunshine.com\/es\/natures-sunshines\/","title":{"rendered":"Los rayos de sol de la naturaleza"},"content":{"rendered":"<p>Natures Sunshines (Nature's Sunshine) es una empresa l\u00edder en suplementos nutricionales que produce minerales, hierbas, vitaminas y f\u00f3rmulas personalizadas para diversas condiciones de salud. Los productos m\u00e1s vendidos son CleanStart, ALJ, Silver Shield y Everflex.<\/p>","protected":false},"excerpt":{"rendered":"<p>Natures Sunshines (Nature's Sunshine) es una empresa l\u00edder en suplementos nutricionales que produce minerales, hierbas, vitaminas y f\u00f3rmulas personalizadas para diversas condiciones de salud. Los productos m\u00e1s vendidos son CleanStart, ALJ, Silver Shield y Everflex.<\/p>","protected":false},"author":1,"featured_media":0,"parent":0,"menu_order":0,"comment_status":"open","ping_status":"closed","template":"page-blank-title-center.php","meta":{"_acf_changed":false,"footnotes":""},"rapid":[],"class_list":["post-6148","page","type-page","status-publish","hentry"],"acf":[],"_links":{"self":[{"href":"https:\/\/caringsunshine.com\/es\/wp-json\/wp\/v2\/pages\/6148","targetHints":{"allow":["GET"]}}],"collection":[{"href":"https:\/\/caringsunshine.com\/es\/wp-json\/wp\/v2\/pages"}],"about":[{"href":"https:\/\/caringsunshine.com\/es\/wp-json\/wp\/v2\/types\/page"}],"author":[{"embeddable":true,"href":"https:\/\/caringsunshine.com\/es\/wp-json\/wp\/v2\/users\/1"}],"replies":[{"embeddable":true,"href":"https:\/\/caringsunshine.com\/es\/wp-json\/wp\/v2\/comments?post=6148"}],"version-history":[{"count":1,"href":"https:\/\/caringsunshine.com\/es\/wp-json\/wp\/v2\/pages\/6148\/revisions"}],"predecessor-version":[{"id":3262498,"href":"https:\/\/caringsunshine.com\/es\/wp-json\/wp\/v2\/pages\/6148\/revisions\/3262498"}],"wp:attachment":[{"href":"https:\/\/caringsunshine.com\/es\/wp-json\/wp\/v2\/media?parent=6148"}],"wp:term":[{"taxonomy":"rapid","embeddable":true,"href":"https:\/\/caringsunshine.com\/es\/wp-json\/wp\/v2\/rapid?post=6148"}],"curies":[{"name":"wp","href":"https:\/\/api.w.org\/{rel}","templated":true}]}}