{"id":6138,"date":"2015-10-02T20:11:40","date_gmt":"2015-10-02T20:11:40","guid":{"rendered":"https:\/\/caringsunshine.com\/?page_id=6138"},"modified":"2024-05-11T07:23:40","modified_gmt":"2024-05-11T14:23:40","slug":"clean-start-review","status":"publish","type":"page","link":"https:\/\/caringsunshine.com\/es\/clean-start-review\/","title":{"rendered":"Revisi\u00f3n de Clean Start"},"content":{"rendered":"<p>Revisi\u00f3n de Clean Start: CleanStart de Nature's Sunshine es una limpieza de 14 d\u00edas que se toma ocasionalmente por los que quieren mejorar la funci\u00f3n digestiva. Simplemente se toma un paquete de c\u00e1psulas y polvo dos veces al d\u00eda durante ese tiempo. Se considera una limpieza muy eficaz y uno de los productos m\u00e1s vendidos de Nature's Sunshine. <a href=\"https:\/\/caringsunshine.com\/es\/supplements\/NaturesSunshine\/products\/cleanstart.aspx\/\">M\u00e1s informaci\u00f3n sobre CleanStart y su compra aqu\u00ed<\/a>.<\/p>","protected":false},"excerpt":{"rendered":"<p>Revisi\u00f3n de Clean Start: CleanStart de Nature's Sunshine es una limpieza de 14 d\u00edas que se toma ocasionalmente por los que quieren mejorar la funci\u00f3n digestiva. Simplemente se toma un paquete de c\u00e1psulas y polvo dos veces al d\u00eda durante ese tiempo. Se considera una limpieza muy eficaz y uno de los productos m\u00e1s vendidos de Nature's Sunshine. Aprende [...]","protected":false},"author":1,"featured_media":0,"parent":0,"menu_order":0,"comment_status":"open","ping_status":"closed","template":"page-blank-title-center.php","meta":{"_acf_changed":false,"footnotes":""},"rapid":[],"class_list":["post-6138","page","type-page","status-publish","hentry"],"acf":[],"_links":{"self":[{"href":"https:\/\/caringsunshine.com\/es\/wp-json\/wp\/v2\/pages\/6138","targetHints":{"allow":["GET"]}}],"collection":[{"href":"https:\/\/caringsunshine.com\/es\/wp-json\/wp\/v2\/pages"}],"about":[{"href":"https:\/\/caringsunshine.com\/es\/wp-json\/wp\/v2\/types\/page"}],"author":[{"embeddable":true,"href":"https:\/\/caringsunshine.com\/es\/wp-json\/wp\/v2\/users\/1"}],"replies":[{"embeddable":true,"href":"https:\/\/caringsunshine.com\/es\/wp-json\/wp\/v2\/comments?post=6138"}],"version-history":[{"count":1,"href":"https:\/\/caringsunshine.com\/es\/wp-json\/wp\/v2\/pages\/6138\/revisions"}],"predecessor-version":[{"id":3262491,"href":"https:\/\/caringsunshine.com\/es\/wp-json\/wp\/v2\/pages\/6138\/revisions\/3262491"}],"wp:attachment":[{"href":"https:\/\/caringsunshine.com\/es\/wp-json\/wp\/v2\/media?parent=6138"}],"wp:term":[{"taxonomy":"rapid","embeddable":true,"href":"https:\/\/caringsunshine.com\/es\/wp-json\/wp\/v2\/rapid?post=6138"}],"curies":[{"name":"wp","href":"https:\/\/api.w.org\/{rel}","templated":true}]}}