{"id":6136,"date":"2015-10-02T20:11:08","date_gmt":"2015-10-02T20:11:08","guid":{"rendered":"https:\/\/caringsunshine.com\/?page_id=6136"},"modified":"2024-05-11T07:23:31","modified_gmt":"2024-05-11T14:23:31","slug":"natural-sunshine-product","status":"publish","type":"page","link":"https:\/\/caringsunshine.com\/es\/natural-sunshine-product\/","title":{"rendered":"Producto Natural Sunshine"},"content":{"rendered":"<p>Las f\u00f3rmulas de los productos Natural Sunshine provienen de Nature's Sunshine, l\u00edder mundial en el desarrollo de las mejores vitaminas, minerales, hierbas y f\u00f3rmulas personalizadas dise\u00f1adas para satisfacer las necesidades de salud. Usted puede comprar todos los productos de Nature's Sunshine con el m\u00e1s alto nivel de confianza.<\/p>","protected":false},"excerpt":{"rendered":"<p>Las f\u00f3rmulas de los productos Natural Sunshine provienen de Nature's Sunshine, l\u00edder mundial en el desarrollo de las mejores vitaminas, minerales, hierbas y f\u00f3rmulas personalizadas dise\u00f1adas para satisfacer las necesidades de salud. Usted puede comprar todos los productos de Nature's Sunshine con el m\u00e1s alto nivel de confianza.<\/p>","protected":false},"author":1,"featured_media":0,"parent":0,"menu_order":0,"comment_status":"open","ping_status":"closed","template":"page-blank-title-center.php","meta":{"_acf_changed":false,"footnotes":""},"rapid":[],"class_list":["post-6136","page","type-page","status-publish","hentry"],"acf":[],"_links":{"self":[{"href":"https:\/\/caringsunshine.com\/es\/wp-json\/wp\/v2\/pages\/6136","targetHints":{"allow":["GET"]}}],"collection":[{"href":"https:\/\/caringsunshine.com\/es\/wp-json\/wp\/v2\/pages"}],"about":[{"href":"https:\/\/caringsunshine.com\/es\/wp-json\/wp\/v2\/types\/page"}],"author":[{"embeddable":true,"href":"https:\/\/caringsunshine.com\/es\/wp-json\/wp\/v2\/users\/1"}],"replies":[{"embeddable":true,"href":"https:\/\/caringsunshine.com\/es\/wp-json\/wp\/v2\/comments?post=6136"}],"version-history":[{"count":1,"href":"https:\/\/caringsunshine.com\/es\/wp-json\/wp\/v2\/pages\/6136\/revisions"}],"predecessor-version":[{"id":3262490,"href":"https:\/\/caringsunshine.com\/es\/wp-json\/wp\/v2\/pages\/6136\/revisions\/3262490"}],"wp:attachment":[{"href":"https:\/\/caringsunshine.com\/es\/wp-json\/wp\/v2\/media?parent=6136"}],"wp:term":[{"taxonomy":"rapid","embeddable":true,"href":"https:\/\/caringsunshine.com\/es\/wp-json\/wp\/v2\/rapid?post=6136"}],"curies":[{"name":"wp","href":"https:\/\/api.w.org\/{rel}","templated":true}]}}