{"id":6134,"date":"2015-10-02T20:10:38","date_gmt":"2015-10-02T20:10:38","guid":{"rendered":"https:\/\/caringsunshine.com\/?page_id=6134"},"modified":"2024-05-11T07:23:20","modified_gmt":"2024-05-11T14:23:20","slug":"natures-sunshine-herbs","status":"publish","type":"page","link":"https:\/\/caringsunshine.com\/es\/natures-sunshine-herbs\/","title":{"rendered":"Hierbas Natures Sunshine"},"content":{"rendered":"<p>Las hierbas y vitaminas de Natures Sunshine representan la m\u00e1s alta calidad y potencia en toda la industria de suplementos nutricionales. Nature's Sunshine lleva m\u00e1s de 40 a\u00f1os fabricando y distribuyendo estos productos.<\/p>","protected":false},"excerpt":{"rendered":"<p>Las hierbas y vitaminas de Natures Sunshine representan la m\u00e1s alta calidad y potencia en toda la industria de suplementos nutricionales. Nature's Sunshine lleva m\u00e1s de 40 a\u00f1os fabricando y distribuyendo estos productos.<\/p>","protected":false},"author":1,"featured_media":0,"parent":0,"menu_order":0,"comment_status":"open","ping_status":"closed","template":"page-blank-title-center.php","meta":{"_acf_changed":false,"footnotes":""},"rapid":[],"class_list":["post-6134","page","type-page","status-publish","hentry"],"acf":[],"_links":{"self":[{"href":"https:\/\/caringsunshine.com\/es\/wp-json\/wp\/v2\/pages\/6134","targetHints":{"allow":["GET"]}}],"collection":[{"href":"https:\/\/caringsunshine.com\/es\/wp-json\/wp\/v2\/pages"}],"about":[{"href":"https:\/\/caringsunshine.com\/es\/wp-json\/wp\/v2\/types\/page"}],"author":[{"embeddable":true,"href":"https:\/\/caringsunshine.com\/es\/wp-json\/wp\/v2\/users\/1"}],"replies":[{"embeddable":true,"href":"https:\/\/caringsunshine.com\/es\/wp-json\/wp\/v2\/comments?post=6134"}],"version-history":[{"count":1,"href":"https:\/\/caringsunshine.com\/es\/wp-json\/wp\/v2\/pages\/6134\/revisions"}],"predecessor-version":[{"id":3262489,"href":"https:\/\/caringsunshine.com\/es\/wp-json\/wp\/v2\/pages\/6134\/revisions\/3262489"}],"wp:attachment":[{"href":"https:\/\/caringsunshine.com\/es\/wp-json\/wp\/v2\/media?parent=6134"}],"wp:term":[{"taxonomy":"rapid","embeddable":true,"href":"https:\/\/caringsunshine.com\/es\/wp-json\/wp\/v2\/rapid?post=6134"}],"curies":[{"name":"wp","href":"https:\/\/api.w.org\/{rel}","templated":true}]}}