{"id":6132,"date":"2015-10-02T20:09:56","date_gmt":"2015-10-02T20:09:56","guid":{"rendered":"https:\/\/caringsunshine.com\/?page_id=6132"},"modified":"2024-05-11T07:23:13","modified_gmt":"2024-05-11T14:23:13","slug":"natures-sunshine-silver-shield","status":"publish","type":"page","link":"https:\/\/caringsunshine.com\/es\/natures-sunshine-silver-shield\/","title":{"rendered":"Natures Sunshine Silver Shield"},"content":{"rendered":"<p>Natures Sunshine Silver Shield es una f\u00f3rmula de plata coloidal que se utiliza para una variedad de prop\u00f3sitos que implican ayudar al sistema inmunol\u00f3gico a luchar contra los peligros del cuerpo. <a href=\"https:\/\/caringsunshine.com\/es\/supplements\/NaturesSunshine\/products\/silver-shield-aqua-sol.aspx\/\">M\u00e1s informaci\u00f3n sobre Silver Shield y pedidos aqu\u00ed<\/a>.<\/p>","protected":false},"excerpt":{"rendered":"<p>Natures Sunshine Silver Shield es una f\u00f3rmula de plata coloidal que se utiliza para una variedad de prop\u00f3sitos que implican ayudar al sistema inmunol\u00f3gico a combatir los peligros para el cuerpo. Obtenga m\u00e1s informaci\u00f3n sobre Silver Shield y haga su pedido aqu\u00ed.<\/p>","protected":false},"author":1,"featured_media":0,"parent":0,"menu_order":0,"comment_status":"open","ping_status":"closed","template":"page-blank-title-center.php","meta":{"_acf_changed":false,"footnotes":""},"rapid":[],"class_list":["post-6132","page","type-page","status-publish","hentry"],"acf":[],"_links":{"self":[{"href":"https:\/\/caringsunshine.com\/es\/wp-json\/wp\/v2\/pages\/6132","targetHints":{"allow":["GET"]}}],"collection":[{"href":"https:\/\/caringsunshine.com\/es\/wp-json\/wp\/v2\/pages"}],"about":[{"href":"https:\/\/caringsunshine.com\/es\/wp-json\/wp\/v2\/types\/page"}],"author":[{"embeddable":true,"href":"https:\/\/caringsunshine.com\/es\/wp-json\/wp\/v2\/users\/1"}],"replies":[{"embeddable":true,"href":"https:\/\/caringsunshine.com\/es\/wp-json\/wp\/v2\/comments?post=6132"}],"version-history":[{"count":1,"href":"https:\/\/caringsunshine.com\/es\/wp-json\/wp\/v2\/pages\/6132\/revisions"}],"predecessor-version":[{"id":3262488,"href":"https:\/\/caringsunshine.com\/es\/wp-json\/wp\/v2\/pages\/6132\/revisions\/3262488"}],"wp:attachment":[{"href":"https:\/\/caringsunshine.com\/es\/wp-json\/wp\/v2\/media?parent=6132"}],"wp:term":[{"taxonomy":"rapid","embeddable":true,"href":"https:\/\/caringsunshine.com\/es\/wp-json\/wp\/v2\/rapid?post=6132"}],"curies":[{"name":"wp","href":"https:\/\/api.w.org\/{rel}","templated":true}]}}