{"id":6130,"date":"2015-10-02T20:07:45","date_gmt":"2015-10-02T20:07:45","guid":{"rendered":"https:\/\/caringsunshine.com\/?page_id=6130"},"modified":"2024-05-11T07:23:05","modified_gmt":"2024-05-11T14:23:05","slug":"silver-shield-liquid","status":"publish","type":"page","link":"https:\/\/caringsunshine.com\/es\/silver-shield-liquid\/","title":{"rendered":"L\u00edquido Silver Shield"},"content":{"rendered":"<p>Silver Shield Liquid es un producto de plata coloidal de Nature's Sunshine que no es t\u00f3xico, es biodisponible y es eficaz para reforzar el sistema inmunitario. <a href=\"https:\/\/caringsunshine.com\/es\/supplements\/NaturesSunshine\/products\/silver-shield-aqua-sol.aspx\/\">M\u00e1s informaci\u00f3n sobre Silver Shield y su compra aqu\u00ed<\/a>.<\/p>","protected":false},"excerpt":{"rendered":"<p>Silver Shield L\u00edquido es un producto de plata coloidal de Nature's Sunshine que no es t\u00f3xico, es biodisponible y efectivo para reforzar el sistema inmunol\u00f3gico. Obtenga m\u00e1s informaci\u00f3n sobre Silver Shield y c\u00f3mprelo aqu\u00ed.<\/p>","protected":false},"author":1,"featured_media":0,"parent":0,"menu_order":0,"comment_status":"open","ping_status":"closed","template":"page-blank-title-center.php","meta":{"_acf_changed":false,"footnotes":""},"rapid":[],"class_list":["post-6130","page","type-page","status-publish","hentry"],"acf":[],"_links":{"self":[{"href":"https:\/\/caringsunshine.com\/es\/wp-json\/wp\/v2\/pages\/6130","targetHints":{"allow":["GET"]}}],"collection":[{"href":"https:\/\/caringsunshine.com\/es\/wp-json\/wp\/v2\/pages"}],"about":[{"href":"https:\/\/caringsunshine.com\/es\/wp-json\/wp\/v2\/types\/page"}],"author":[{"embeddable":true,"href":"https:\/\/caringsunshine.com\/es\/wp-json\/wp\/v2\/users\/1"}],"replies":[{"embeddable":true,"href":"https:\/\/caringsunshine.com\/es\/wp-json\/wp\/v2\/comments?post=6130"}],"version-history":[{"count":1,"href":"https:\/\/caringsunshine.com\/es\/wp-json\/wp\/v2\/pages\/6130\/revisions"}],"predecessor-version":[{"id":3262487,"href":"https:\/\/caringsunshine.com\/es\/wp-json\/wp\/v2\/pages\/6130\/revisions\/3262487"}],"wp:attachment":[{"href":"https:\/\/caringsunshine.com\/es\/wp-json\/wp\/v2\/media?parent=6130"}],"wp:term":[{"taxonomy":"rapid","embeddable":true,"href":"https:\/\/caringsunshine.com\/es\/wp-json\/wp\/v2\/rapid?post=6130"}],"curies":[{"name":"wp","href":"https:\/\/api.w.org\/{rel}","templated":true}]}}