{"id":6128,"date":"2015-10-02T20:07:13","date_gmt":"2015-10-02T20:07:13","guid":{"rendered":"https:\/\/caringsunshine.com\/?page_id=6128"},"modified":"2015-10-09T20:59:14","modified_gmt":"2015-10-09T20:59:14","slug":"paw-paw-natures-sunshine","status":"publish","type":"page","link":"https:\/\/caringsunshine.com\/es\/paw-paw-natures-sunshine\/","title":{"rendered":"Paw Paw Natures Sunshine"},"content":{"rendered":"<p>Paw Paw Natures Sunshine (Paw Paw Cell Reg) es un producto dise\u00f1ado para ayudar a potenciar la salud de las c\u00e9lulas de su cuerpo y la salud de los vasos sangu\u00edneos. <a href=\"https:\/\/caringsunshine.com\/es\/supplements\/NaturesSunshine\/products\/paw-paw-cell-reg.aspx\/\">M\u00e1s informaci\u00f3n sobre Paw Paw Cell Reg y pedidos aqu\u00ed<\/a>.<\/p>","protected":false},"excerpt":{"rendered":"<p>Paw Paw Natures Sunshine (Paw Paw Cell Reg) es un producto dise\u00f1ado para ayudar a impulsar la salud de las c\u00e9lulas de su cuerpo y la salud de los vasos sangu\u00edneos. Conozca m\u00e1s sobre Paw Paw Cell Reg y p\u00eddalo aqu\u00ed.<\/p>","protected":false},"author":1,"featured_media":0,"parent":0,"menu_order":0,"comment_status":"open","ping_status":"closed","template":"page-left-sidebar.php","meta":{"_acf_changed":false,"footnotes":""},"rapid":[],"class_list":["post-6128","page","type-page","status-publish","hentry"],"acf":[],"_links":{"self":[{"href":"https:\/\/caringsunshine.com\/es\/wp-json\/wp\/v2\/pages\/6128","targetHints":{"allow":["GET"]}}],"collection":[{"href":"https:\/\/caringsunshine.com\/es\/wp-json\/wp\/v2\/pages"}],"about":[{"href":"https:\/\/caringsunshine.com\/es\/wp-json\/wp\/v2\/types\/page"}],"author":[{"embeddable":true,"href":"https:\/\/caringsunshine.com\/es\/wp-json\/wp\/v2\/users\/1"}],"replies":[{"embeddable":true,"href":"https:\/\/caringsunshine.com\/es\/wp-json\/wp\/v2\/comments?post=6128"}],"version-history":[{"count":0,"href":"https:\/\/caringsunshine.com\/es\/wp-json\/wp\/v2\/pages\/6128\/revisions"}],"wp:attachment":[{"href":"https:\/\/caringsunshine.com\/es\/wp-json\/wp\/v2\/media?parent=6128"}],"wp:term":[{"taxonomy":"rapid","embeddable":true,"href":"https:\/\/caringsunshine.com\/es\/wp-json\/wp\/v2\/rapid?post=6128"}],"curies":[{"name":"wp","href":"https:\/\/api.w.org\/{rel}","templated":true}]}}