{"id":6099,"date":"2015-10-02T15:51:47","date_gmt":"2015-10-02T15:51:47","guid":{"rendered":"https:\/\/caringsunshine.com\/?page_id=6099"},"modified":"2024-05-11T07:22:51","modified_gmt":"2024-05-11T14:22:51","slug":"nutriburn","status":"publish","type":"page","link":"https:\/\/caringsunshine.com\/es\/nutriburn\/","title":{"rendered":"Nutriburn"},"content":{"rendered":"<p>Nutriburn (Nutri-burn) es un producto fabricado por Nature's Sunshine, una empresa de suplementos nutricionales. Es un producto de prote\u00edna de suero sin lactosa para la construcci\u00f3n de masa muscular. Obtenga m\u00e1s informaci\u00f3n y pida Nutri-burn aqu\u00ed.\u00a0<a href=\"https:\/\/caringsunshine.com\/es\/supplements\/NaturesSunshine\/products\/nutri-burn-choc.aspx\/\">https:\/\/caringsunshine.com\/supplements\/NaturesSunshine\/products\/nutri-burn-choc.aspx<\/a><\/p>","protected":false},"excerpt":{"rendered":"<p>Nutriburn (Nutri-burn) es un producto fabricado por Nature's Sunshine, una empresa de suplementos nutricionales. Es un producto de prote\u00edna de suero sin lactosa para aumentar la masa muscular. M\u00e1s informaci\u00f3n y pedido de Nutri-burn aqu\u00ed. https:\/\/caringsunshine.com\/supplements\/NaturesSunshine\/products\/nutri-burn-choc.aspx<\/p>","protected":false},"author":1,"featured_media":0,"parent":0,"menu_order":0,"comment_status":"open","ping_status":"closed","template":"page-blank-title-center.php","meta":{"_acf_changed":false,"footnotes":""},"rapid":[],"class_list":["post-6099","page","type-page","status-publish","hentry"],"acf":[],"_links":{"self":[{"href":"https:\/\/caringsunshine.com\/es\/wp-json\/wp\/v2\/pages\/6099","targetHints":{"allow":["GET"]}}],"collection":[{"href":"https:\/\/caringsunshine.com\/es\/wp-json\/wp\/v2\/pages"}],"about":[{"href":"https:\/\/caringsunshine.com\/es\/wp-json\/wp\/v2\/types\/page"}],"author":[{"embeddable":true,"href":"https:\/\/caringsunshine.com\/es\/wp-json\/wp\/v2\/users\/1"}],"replies":[{"embeddable":true,"href":"https:\/\/caringsunshine.com\/es\/wp-json\/wp\/v2\/comments?post=6099"}],"version-history":[{"count":1,"href":"https:\/\/caringsunshine.com\/es\/wp-json\/wp\/v2\/pages\/6099\/revisions"}],"predecessor-version":[{"id":3262485,"href":"https:\/\/caringsunshine.com\/es\/wp-json\/wp\/v2\/pages\/6099\/revisions\/3262485"}],"wp:attachment":[{"href":"https:\/\/caringsunshine.com\/es\/wp-json\/wp\/v2\/media?parent=6099"}],"wp:term":[{"taxonomy":"rapid","embeddable":true,"href":"https:\/\/caringsunshine.com\/es\/wp-json\/wp\/v2\/rapid?post=6099"}],"curies":[{"name":"wp","href":"https:\/\/api.w.org\/{rel}","templated":true}]}}