{"id":6097,"date":"2015-10-02T15:51:27","date_gmt":"2015-10-02T15:51:27","guid":{"rendered":"https:\/\/caringsunshine.com\/?page_id=6097"},"modified":"2024-05-11T07:22:45","modified_gmt":"2024-05-11T14:22:45","slug":"tiao-he-cleanse-side-effects","status":"publish","type":"page","link":"https:\/\/caringsunshine.com\/es\/tiao-he-cleanse-side-effects\/","title":{"rendered":"Efectos secundarios de Tiao He Cleanse"},"content":{"rendered":"<p>Los efectos secundarios de Tiao He Cleanse son leves y no deber\u00edan ser una preocupaci\u00f3n para la mayor\u00eda de las personas. Sin embargo, le recomendamos encarecidamente que tome Tiao He Cleanse informaci\u00f3n a su m\u00e9dico si usted est\u00e1 preocupado de alguna manera. <a href=\"https:\/\/caringsunshine.com\/es\/supplements\/NaturesSunshine\/products\/tiao-he-cleanse.aspx\/\">M\u00e1s informaci\u00f3n sobre la limpieza Tiao He aqu\u00ed<\/a>.<\/p>","protected":false},"excerpt":{"rendered":"<p>Los efectos secundarios de Tiao He Cleanse son leves y no deber\u00edan ser una preocupaci\u00f3n para la mayor\u00eda de las personas. Sin embargo, le recomendamos encarecidamente que lleve la informaci\u00f3n de Tiao He Cleanse a su m\u00e9dico si le preocupa de alguna manera. Obtenga m\u00e1s informaci\u00f3n sobre Tiao He Cleanse aqu\u00ed.<\/p>","protected":false},"author":1,"featured_media":0,"parent":0,"menu_order":0,"comment_status":"open","ping_status":"closed","template":"page-blank-title-center.php","meta":{"_acf_changed":false,"footnotes":""},"rapid":[],"class_list":["post-6097","page","type-page","status-publish","hentry"],"acf":[],"_links":{"self":[{"href":"https:\/\/caringsunshine.com\/es\/wp-json\/wp\/v2\/pages\/6097","targetHints":{"allow":["GET"]}}],"collection":[{"href":"https:\/\/caringsunshine.com\/es\/wp-json\/wp\/v2\/pages"}],"about":[{"href":"https:\/\/caringsunshine.com\/es\/wp-json\/wp\/v2\/types\/page"}],"author":[{"embeddable":true,"href":"https:\/\/caringsunshine.com\/es\/wp-json\/wp\/v2\/users\/1"}],"replies":[{"embeddable":true,"href":"https:\/\/caringsunshine.com\/es\/wp-json\/wp\/v2\/comments?post=6097"}],"version-history":[{"count":1,"href":"https:\/\/caringsunshine.com\/es\/wp-json\/wp\/v2\/pages\/6097\/revisions"}],"predecessor-version":[{"id":3262484,"href":"https:\/\/caringsunshine.com\/es\/wp-json\/wp\/v2\/pages\/6097\/revisions\/3262484"}],"wp:attachment":[{"href":"https:\/\/caringsunshine.com\/es\/wp-json\/wp\/v2\/media?parent=6097"}],"wp:term":[{"taxonomy":"rapid","embeddable":true,"href":"https:\/\/caringsunshine.com\/es\/wp-json\/wp\/v2\/rapid?post=6097"}],"curies":[{"name":"wp","href":"https:\/\/api.w.org\/{rel}","templated":true}]}}