{"id":6087,"date":"2015-10-02T15:49:23","date_gmt":"2015-10-02T15:49:23","guid":{"rendered":"https:\/\/caringsunshine.com\/?page_id=6087"},"modified":"2015-10-07T01:32:30","modified_gmt":"2015-10-07T01:32:30","slug":"natures-sunshine-vitamins","status":"publish","type":"page","link":"https:\/\/caringsunshine.com\/es\/natures-sunshine-vitamins\/","title":{"rendered":"Vitaminas Natures Sunshine"},"content":{"rendered":"<p>Las vitaminas de Natures Sunshine se fabrican con los m\u00e1s altos est\u00e1ndares de la industria de los suplementos nutricionales. <a href=\"https:\/\/caringsunshine.com\/es\/vitamins-minerals\/\">M\u00e1s informaci\u00f3n sobre la categor\u00eda de vitaminas (incluyendo multivitaminas y vitaminas espec\u00edficas aqu\u00ed<\/a>.<\/p>","protected":false},"excerpt":{"rendered":"<p>Las vitaminas de Natures Sunshine se fabrican con los m\u00e1s altos est\u00e1ndares de la industria de los suplementos nutricionales. Obtenga m\u00e1s informaci\u00f3n sobre la categor\u00eda de vitaminas (incluyendo multivitaminas y vitaminas espec\u00edficas aqu\u00ed.<\/p>","protected":false},"author":1,"featured_media":0,"parent":0,"menu_order":0,"comment_status":"open","ping_status":"closed","template":"page-left-sidebar.php","meta":{"_acf_changed":false,"footnotes":""},"rapid":[],"class_list":["post-6087","page","type-page","status-publish","hentry"],"acf":[],"_links":{"self":[{"href":"https:\/\/caringsunshine.com\/es\/wp-json\/wp\/v2\/pages\/6087","targetHints":{"allow":["GET"]}}],"collection":[{"href":"https:\/\/caringsunshine.com\/es\/wp-json\/wp\/v2\/pages"}],"about":[{"href":"https:\/\/caringsunshine.com\/es\/wp-json\/wp\/v2\/types\/page"}],"author":[{"embeddable":true,"href":"https:\/\/caringsunshine.com\/es\/wp-json\/wp\/v2\/users\/1"}],"replies":[{"embeddable":true,"href":"https:\/\/caringsunshine.com\/es\/wp-json\/wp\/v2\/comments?post=6087"}],"version-history":[{"count":0,"href":"https:\/\/caringsunshine.com\/es\/wp-json\/wp\/v2\/pages\/6087\/revisions"}],"wp:attachment":[{"href":"https:\/\/caringsunshine.com\/es\/wp-json\/wp\/v2\/media?parent=6087"}],"wp:term":[{"taxonomy":"rapid","embeddable":true,"href":"https:\/\/caringsunshine.com\/es\/wp-json\/wp\/v2\/rapid?post=6087"}],"curies":[{"name":"wp","href":"https:\/\/api.w.org\/{rel}","templated":true}]}}