{"id":6083,"date":"2015-10-02T15:48:27","date_gmt":"2015-10-02T15:48:27","guid":{"rendered":"https:\/\/caringsunshine.com\/?page_id=6083"},"modified":"2024-05-11T07:22:09","modified_gmt":"2024-05-11T14:22:09","slug":"natures-sunshine-alj","status":"publish","type":"page","link":"https:\/\/caringsunshine.com\/es\/natures-sunshine-alj\/","title":{"rendered":"Natures Sunshine ALJ"},"content":{"rendered":"<p>Natures Sunshine ALJ es un producto para los problemas respiratorios, especialmente durante los cambios de estaci\u00f3n. <a href=\"https:\/\/caringsunshine.com\/es\/supplements\/NaturesSunshine\/products\/alj-capsules.aspx\/\">Compre ALJ y obtenga m\u00e1s informaci\u00f3n aqu\u00ed<\/a>.<\/p>","protected":false},"excerpt":{"rendered":"<p>Natures Sunshine ALJ es un producto para problemas respiratorios especialmente durante los cambios estacionales. Compre ALJ y obtenga m\u00e1s informaci\u00f3n aqu\u00ed.<\/p>","protected":false},"author":1,"featured_media":0,"parent":0,"menu_order":0,"comment_status":"open","ping_status":"closed","template":"page-blank-title-center.php","meta":{"_acf_changed":false,"footnotes":""},"rapid":[],"class_list":["post-6083","page","type-page","status-publish","hentry"],"acf":[],"_links":{"self":[{"href":"https:\/\/caringsunshine.com\/es\/wp-json\/wp\/v2\/pages\/6083","targetHints":{"allow":["GET"]}}],"collection":[{"href":"https:\/\/caringsunshine.com\/es\/wp-json\/wp\/v2\/pages"}],"about":[{"href":"https:\/\/caringsunshine.com\/es\/wp-json\/wp\/v2\/types\/page"}],"author":[{"embeddable":true,"href":"https:\/\/caringsunshine.com\/es\/wp-json\/wp\/v2\/users\/1"}],"replies":[{"embeddable":true,"href":"https:\/\/caringsunshine.com\/es\/wp-json\/wp\/v2\/comments?post=6083"}],"version-history":[{"count":1,"href":"https:\/\/caringsunshine.com\/es\/wp-json\/wp\/v2\/pages\/6083\/revisions"}],"predecessor-version":[{"id":3262479,"href":"https:\/\/caringsunshine.com\/es\/wp-json\/wp\/v2\/pages\/6083\/revisions\/3262479"}],"wp:attachment":[{"href":"https:\/\/caringsunshine.com\/es\/wp-json\/wp\/v2\/media?parent=6083"}],"wp:term":[{"taxonomy":"rapid","embeddable":true,"href":"https:\/\/caringsunshine.com\/es\/wp-json\/wp\/v2\/rapid?post=6083"}],"curies":[{"name":"wp","href":"https:\/\/api.w.org\/{rel}","templated":true}]}}