{"id":6081,"date":"2015-10-02T15:48:01","date_gmt":"2015-10-02T15:48:01","guid":{"rendered":"https:\/\/caringsunshine.com\/?page_id=6081"},"modified":"2024-05-11T07:22:03","modified_gmt":"2024-05-11T14:22:03","slug":"natures-sunshine-usa","status":"publish","type":"page","link":"https:\/\/caringsunshine.com\/es\/natures-sunshine-usa\/","title":{"rendered":"Natures Sunshine USA"},"content":{"rendered":"<p>Natures Sunshine USA es una empresa con sede en Utah que vende suplementos nutricionales de alta calidad y potencia, como vitaminas, hierbas, minerales y f\u00f3rmulas personalizadas para problemas de salud espec\u00edficos. Llevan m\u00e1s de 40 a\u00f1os vendiendo al p\u00fablico en general.<\/p>","protected":false},"excerpt":{"rendered":"<p>Natures Sunshine USA es una empresa con sede en Utah que vende suplementos nutricionales de alta calidad y potencia, como vitaminas, hierbas, minerales y f\u00f3rmulas personalizadas para problemas de salud espec\u00edficos. Llevan m\u00e1s de 40 a\u00f1os vendiendo al p\u00fablico en general.<\/p>","protected":false},"author":1,"featured_media":0,"parent":0,"menu_order":0,"comment_status":"open","ping_status":"closed","template":"page-blank-title-center.php","meta":{"_acf_changed":false,"footnotes":""},"rapid":[],"class_list":["post-6081","page","type-page","status-publish","hentry"],"acf":[],"_links":{"self":[{"href":"https:\/\/caringsunshine.com\/es\/wp-json\/wp\/v2\/pages\/6081","targetHints":{"allow":["GET"]}}],"collection":[{"href":"https:\/\/caringsunshine.com\/es\/wp-json\/wp\/v2\/pages"}],"about":[{"href":"https:\/\/caringsunshine.com\/es\/wp-json\/wp\/v2\/types\/page"}],"author":[{"embeddable":true,"href":"https:\/\/caringsunshine.com\/es\/wp-json\/wp\/v2\/users\/1"}],"replies":[{"embeddable":true,"href":"https:\/\/caringsunshine.com\/es\/wp-json\/wp\/v2\/comments?post=6081"}],"version-history":[{"count":1,"href":"https:\/\/caringsunshine.com\/es\/wp-json\/wp\/v2\/pages\/6081\/revisions"}],"predecessor-version":[{"id":3262478,"href":"https:\/\/caringsunshine.com\/es\/wp-json\/wp\/v2\/pages\/6081\/revisions\/3262478"}],"wp:attachment":[{"href":"https:\/\/caringsunshine.com\/es\/wp-json\/wp\/v2\/media?parent=6081"}],"wp:term":[{"taxonomy":"rapid","embeddable":true,"href":"https:\/\/caringsunshine.com\/es\/wp-json\/wp\/v2\/rapid?post=6081"}],"curies":[{"name":"wp","href":"https:\/\/api.w.org\/{rel}","templated":true}]}}