{"id":6075,"date":"2015-10-02T15:46:38","date_gmt":"2015-10-02T15:46:38","guid":{"rendered":"https:\/\/caringsunshine.com\/?page_id=6075"},"modified":"2024-05-11T07:21:50","modified_gmt":"2024-05-11T14:21:50","slug":"natures-sunshine-com","status":"publish","type":"page","link":"https:\/\/caringsunshine.com\/es\/natures-sunshine-com\/","title":{"rendered":"Nature's Sunshine.com"},"content":{"rendered":"<p>Los productos de Nature's Sunshine.com son fabricados en Utah por Nature's Sunshine, un l\u00edder de 40 a\u00f1os en la industria de los suplementos nutricionales. Compra los suplementos nutricionales de m\u00e1s alta calidad y potencia disponibles todos los d\u00edas a precio de socio aqu\u00ed en CaringSunshine.<\/p>","protected":false},"excerpt":{"rendered":"<p>Los productos de Nature's Sunshine.com son fabricados en Utah por Nature's Sunshine, un l\u00edder de 40 a\u00f1os en la industria de los suplementos nutricionales. Compra los suplementos nutricionales de m\u00e1s alta calidad y potencia disponibles todos los d\u00edas a precio de socio aqu\u00ed en CaringSunshine.<\/p>","protected":false},"author":1,"featured_media":0,"parent":0,"menu_order":0,"comment_status":"open","ping_status":"closed","template":"page-blank-title-center.php","meta":{"_acf_changed":false,"footnotes":""},"rapid":[],"class_list":["post-6075","page","type-page","status-publish","hentry"],"acf":[],"_links":{"self":[{"href":"https:\/\/caringsunshine.com\/es\/wp-json\/wp\/v2\/pages\/6075","targetHints":{"allow":["GET"]}}],"collection":[{"href":"https:\/\/caringsunshine.com\/es\/wp-json\/wp\/v2\/pages"}],"about":[{"href":"https:\/\/caringsunshine.com\/es\/wp-json\/wp\/v2\/types\/page"}],"author":[{"embeddable":true,"href":"https:\/\/caringsunshine.com\/es\/wp-json\/wp\/v2\/users\/1"}],"replies":[{"embeddable":true,"href":"https:\/\/caringsunshine.com\/es\/wp-json\/wp\/v2\/comments?post=6075"}],"version-history":[{"count":1,"href":"https:\/\/caringsunshine.com\/es\/wp-json\/wp\/v2\/pages\/6075\/revisions"}],"predecessor-version":[{"id":3262476,"href":"https:\/\/caringsunshine.com\/es\/wp-json\/wp\/v2\/pages\/6075\/revisions\/3262476"}],"wp:attachment":[{"href":"https:\/\/caringsunshine.com\/es\/wp-json\/wp\/v2\/media?parent=6075"}],"wp:term":[{"taxonomy":"rapid","embeddable":true,"href":"https:\/\/caringsunshine.com\/es\/wp-json\/wp\/v2\/rapid?post=6075"}],"curies":[{"name":"wp","href":"https:\/\/api.w.org\/{rel}","templated":true}]}}