{"id":6071,"date":"2015-10-02T15:45:44","date_gmt":"2015-10-02T15:45:44","guid":{"rendered":"https:\/\/caringsunshine.com\/?page_id=6071"},"modified":"2015-10-06T01:21:56","modified_gmt":"2015-10-06T01:21:56","slug":"nsp-products","status":"publish","type":"page","link":"https:\/\/caringsunshine.com\/es\/nsp-products\/","title":{"rendered":"Productos NSP"},"content":{"rendered":"<p>Los productos NSP (productos Nature's Sunshine) representan la m\u00e1s alta calidad en la industria de los suplementos nutricionales. Fabricados y distribuidos por un l\u00edder de la industria con d\u00e9cadas de antig\u00fcedad en Utah, puedes sentirte seguro con cualquiera de las m\u00e1s de 400 opciones disponibles.<\/p>","protected":false},"excerpt":{"rendered":"<p>Los productos NSP (productos Nature's Sunshine) representan la m\u00e1s alta calidad en la industria de los suplementos nutricionales. Fabricados y distribuidos por un l\u00edder de la industria con d\u00e9cadas de antig\u00fcedad en Utah, puedes sentirte seguro con cualquiera de las m\u00e1s de 400 opciones disponibles.<\/p>","protected":false},"author":1,"featured_media":0,"parent":0,"menu_order":0,"comment_status":"open","ping_status":"closed","template":"page-left-sidebar.php","meta":{"_acf_changed":false,"footnotes":""},"rapid":[],"class_list":["post-6071","page","type-page","status-publish","hentry"],"acf":[],"_links":{"self":[{"href":"https:\/\/caringsunshine.com\/es\/wp-json\/wp\/v2\/pages\/6071","targetHints":{"allow":["GET"]}}],"collection":[{"href":"https:\/\/caringsunshine.com\/es\/wp-json\/wp\/v2\/pages"}],"about":[{"href":"https:\/\/caringsunshine.com\/es\/wp-json\/wp\/v2\/types\/page"}],"author":[{"embeddable":true,"href":"https:\/\/caringsunshine.com\/es\/wp-json\/wp\/v2\/users\/1"}],"replies":[{"embeddable":true,"href":"https:\/\/caringsunshine.com\/es\/wp-json\/wp\/v2\/comments?post=6071"}],"version-history":[{"count":0,"href":"https:\/\/caringsunshine.com\/es\/wp-json\/wp\/v2\/pages\/6071\/revisions"}],"wp:attachment":[{"href":"https:\/\/caringsunshine.com\/es\/wp-json\/wp\/v2\/media?parent=6071"}],"wp:term":[{"taxonomy":"rapid","embeddable":true,"href":"https:\/\/caringsunshine.com\/es\/wp-json\/wp\/v2\/rapid?post=6071"}],"curies":[{"name":"wp","href":"https:\/\/api.w.org\/{rel}","templated":true}]}}