{"id":6069,"date":"2015-10-02T15:45:19","date_gmt":"2015-10-02T15:45:19","guid":{"rendered":"https:\/\/caringsunshine.com\/?page_id=6069"},"modified":"2024-05-11T07:21:39","modified_gmt":"2024-05-11T14:21:39","slug":"natures-sunshine-products-inc","status":"publish","type":"page","link":"https:\/\/caringsunshine.com\/es\/natures-sunshine-products-inc\/","title":{"rendered":"Natures Sunshine Products Inc."},"content":{"rendered":"<p>Natures Sunshine Products Inc es una empresa con sede en Utah que vende suplementos nutricionales de alta calidad como vitaminas, hierbas y formulaciones personalizadas. Nature's Sunshine lleva m\u00e1s de cuarenta a\u00f1os vendiendo y tiene una reputaci\u00f3n impecable como l\u00edder del sector.<\/p>","protected":false},"excerpt":{"rendered":"<p>Natures Sunshine Products Inc es una empresa con sede en Utah que vende suplementos nutricionales de alta calidad como vitaminas, hierbas y formulaciones personalizadas. Nature's Sunshine lleva m\u00e1s de cuarenta a\u00f1os vendiendo y tiene una reputaci\u00f3n impecable como l\u00edder del sector.<\/p>","protected":false},"author":1,"featured_media":0,"parent":0,"menu_order":0,"comment_status":"open","ping_status":"closed","template":"page-blank-title-center.php","meta":{"_acf_changed":false,"footnotes":""},"rapid":[],"class_list":["post-6069","page","type-page","status-publish","hentry"],"acf":[],"_links":{"self":[{"href":"https:\/\/caringsunshine.com\/es\/wp-json\/wp\/v2\/pages\/6069","targetHints":{"allow":["GET"]}}],"collection":[{"href":"https:\/\/caringsunshine.com\/es\/wp-json\/wp\/v2\/pages"}],"about":[{"href":"https:\/\/caringsunshine.com\/es\/wp-json\/wp\/v2\/types\/page"}],"author":[{"embeddable":true,"href":"https:\/\/caringsunshine.com\/es\/wp-json\/wp\/v2\/users\/1"}],"replies":[{"embeddable":true,"href":"https:\/\/caringsunshine.com\/es\/wp-json\/wp\/v2\/comments?post=6069"}],"version-history":[{"count":1,"href":"https:\/\/caringsunshine.com\/es\/wp-json\/wp\/v2\/pages\/6069\/revisions"}],"predecessor-version":[{"id":3262474,"href":"https:\/\/caringsunshine.com\/es\/wp-json\/wp\/v2\/pages\/6069\/revisions\/3262474"}],"wp:attachment":[{"href":"https:\/\/caringsunshine.com\/es\/wp-json\/wp\/v2\/media?parent=6069"}],"wp:term":[{"taxonomy":"rapid","embeddable":true,"href":"https:\/\/caringsunshine.com\/es\/wp-json\/wp\/v2\/rapid?post=6069"}],"curies":[{"name":"wp","href":"https:\/\/api.w.org\/{rel}","templated":true}]}}