{"id":6067,"date":"2015-10-02T15:44:53","date_gmt":"2015-10-02T15:44:53","guid":{"rendered":"https:\/\/caringsunshine.com\/?page_id=6067"},"modified":"2015-10-06T01:14:10","modified_gmt":"2015-10-06T01:14:10","slug":"sunshine-supplements","status":"publish","type":"page","link":"https:\/\/caringsunshine.com\/es\/sunshine-supplements\/","title":{"rendered":"Suplementos Sunshine"},"content":{"rendered":"<p>Los suplementos Sunshine (Nature's Sunshine) representan la m\u00e1s alta calidad y potencia en la industria de los suplementos. Nature's Sunshine ha establecido el est\u00e1ndar durante m\u00e1s de cuarenta a\u00f1os. Todos los suplementos de Nature's Sunshine est\u00e1n disponibles aqu\u00ed a precio de socio.<\/p>","protected":false},"excerpt":{"rendered":"<p>Los suplementos Sunshine (Nature's Sunshine) representan la m\u00e1s alta calidad y potencia en la industria de los suplementos. Nature's Sunshine ha establecido el est\u00e1ndar durante m\u00e1s de cuarenta a\u00f1os. Todos los suplementos de Nature's Sunshine est\u00e1n disponibles aqu\u00ed a precio de socio.<\/p>","protected":false},"author":1,"featured_media":0,"parent":0,"menu_order":0,"comment_status":"open","ping_status":"closed","template":"page-left-sidebar.php","meta":{"_acf_changed":false,"footnotes":""},"rapid":[],"class_list":["post-6067","page","type-page","status-publish","hentry"],"acf":[],"_links":{"self":[{"href":"https:\/\/caringsunshine.com\/es\/wp-json\/wp\/v2\/pages\/6067","targetHints":{"allow":["GET"]}}],"collection":[{"href":"https:\/\/caringsunshine.com\/es\/wp-json\/wp\/v2\/pages"}],"about":[{"href":"https:\/\/caringsunshine.com\/es\/wp-json\/wp\/v2\/types\/page"}],"author":[{"embeddable":true,"href":"https:\/\/caringsunshine.com\/es\/wp-json\/wp\/v2\/users\/1"}],"replies":[{"embeddable":true,"href":"https:\/\/caringsunshine.com\/es\/wp-json\/wp\/v2\/comments?post=6067"}],"version-history":[{"count":0,"href":"https:\/\/caringsunshine.com\/es\/wp-json\/wp\/v2\/pages\/6067\/revisions"}],"wp:attachment":[{"href":"https:\/\/caringsunshine.com\/es\/wp-json\/wp\/v2\/media?parent=6067"}],"wp:term":[{"taxonomy":"rapid","embeddable":true,"href":"https:\/\/caringsunshine.com\/es\/wp-json\/wp\/v2\/rapid?post=6067"}],"curies":[{"name":"wp","href":"https:\/\/api.w.org\/{rel}","templated":true}]}}