{"id":6065,"date":"2015-10-02T15:44:30","date_gmt":"2015-10-02T15:44:30","guid":{"rendered":"https:\/\/caringsunshine.com\/?page_id=6065"},"modified":"2024-05-11T07:21:32","modified_gmt":"2024-05-11T14:21:32","slug":"silver-shield-natures-sunshine","status":"publish","type":"page","link":"https:\/\/caringsunshine.com\/es\/silver-shield-natures-sunshine\/","title":{"rendered":"Silver Shield Nature's Sunshine"},"content":{"rendered":"<p>Silver Shield Nature's Sunshine es un producto de plata coloidal utilizado por los clientes para muchos usos de la salud. <a href=\"https:\/\/caringsunshine.com\/es\/supplements\/NaturesSunshine\/products\/silver-shield-aqua-sol.aspx\/\">Puede obtener m\u00e1s informaci\u00f3n sobre Silver Shield y comprarlo aqu\u00ed<\/a>.<\/p>","protected":false},"excerpt":{"rendered":"<p>Silver Shield Nature's Sunshine es un producto de plata coloidal utilizado por los clientes para muchos usos de la salud. Puedes conocer m\u00e1s sobre Silver Shield y comprarlo aqu\u00ed.<\/p>","protected":false},"author":1,"featured_media":0,"parent":0,"menu_order":0,"comment_status":"open","ping_status":"closed","template":"page-blank-title-center.php","meta":{"_acf_changed":false,"footnotes":""},"rapid":[],"class_list":["post-6065","page","type-page","status-publish","hentry"],"acf":[],"_links":{"self":[{"href":"https:\/\/caringsunshine.com\/es\/wp-json\/wp\/v2\/pages\/6065","targetHints":{"allow":["GET"]}}],"collection":[{"href":"https:\/\/caringsunshine.com\/es\/wp-json\/wp\/v2\/pages"}],"about":[{"href":"https:\/\/caringsunshine.com\/es\/wp-json\/wp\/v2\/types\/page"}],"author":[{"embeddable":true,"href":"https:\/\/caringsunshine.com\/es\/wp-json\/wp\/v2\/users\/1"}],"replies":[{"embeddable":true,"href":"https:\/\/caringsunshine.com\/es\/wp-json\/wp\/v2\/comments?post=6065"}],"version-history":[{"count":1,"href":"https:\/\/caringsunshine.com\/es\/wp-json\/wp\/v2\/pages\/6065\/revisions"}],"predecessor-version":[{"id":3262473,"href":"https:\/\/caringsunshine.com\/es\/wp-json\/wp\/v2\/pages\/6065\/revisions\/3262473"}],"wp:attachment":[{"href":"https:\/\/caringsunshine.com\/es\/wp-json\/wp\/v2\/media?parent=6065"}],"wp:term":[{"taxonomy":"rapid","embeddable":true,"href":"https:\/\/caringsunshine.com\/es\/wp-json\/wp\/v2\/rapid?post=6065"}],"curies":[{"name":"wp","href":"https:\/\/api.w.org\/{rel}","templated":true}]}}