{"id":6063,"date":"2015-10-02T15:44:01","date_gmt":"2015-10-02T15:44:01","guid":{"rendered":"https:\/\/caringsunshine.com\/?page_id=6063"},"modified":"2024-05-11T07:21:25","modified_gmt":"2024-05-11T14:21:25","slug":"sunshine-natural","status":"publish","type":"page","link":"https:\/\/caringsunshine.com\/es\/sunshine-natural\/","title":{"rendered":"Sunshine Natural"},"content":{"rendered":"<p>Los productos Sunshine Natural (Nature's Sunshine) se fabrican con la m\u00e1xima calidad y potencia. Nature's Sunshine lleva m\u00e1s de 40 a\u00f1os distribuyendo m\u00e1s de 300 productos para la salud.<\/p>","protected":false},"excerpt":{"rendered":"<p>Los productos Sunshine Natural (Nature's Sunshine) se fabrican con la m\u00e1xima calidad y potencia. Nature's Sunshine lleva m\u00e1s de 40 a\u00f1os distribuyendo m\u00e1s de 300 productos para la salud.<\/p>","protected":false},"author":1,"featured_media":0,"parent":0,"menu_order":0,"comment_status":"open","ping_status":"closed","template":"page-blank-title-center.php","meta":{"_acf_changed":false,"footnotes":""},"rapid":[],"class_list":["post-6063","page","type-page","status-publish","hentry"],"acf":[],"_links":{"self":[{"href":"https:\/\/caringsunshine.com\/es\/wp-json\/wp\/v2\/pages\/6063","targetHints":{"allow":["GET"]}}],"collection":[{"href":"https:\/\/caringsunshine.com\/es\/wp-json\/wp\/v2\/pages"}],"about":[{"href":"https:\/\/caringsunshine.com\/es\/wp-json\/wp\/v2\/types\/page"}],"author":[{"embeddable":true,"href":"https:\/\/caringsunshine.com\/es\/wp-json\/wp\/v2\/users\/1"}],"replies":[{"embeddable":true,"href":"https:\/\/caringsunshine.com\/es\/wp-json\/wp\/v2\/comments?post=6063"}],"version-history":[{"count":1,"href":"https:\/\/caringsunshine.com\/es\/wp-json\/wp\/v2\/pages\/6063\/revisions"}],"predecessor-version":[{"id":3262472,"href":"https:\/\/caringsunshine.com\/es\/wp-json\/wp\/v2\/pages\/6063\/revisions\/3262472"}],"wp:attachment":[{"href":"https:\/\/caringsunshine.com\/es\/wp-json\/wp\/v2\/media?parent=6063"}],"wp:term":[{"taxonomy":"rapid","embeddable":true,"href":"https:\/\/caringsunshine.com\/es\/wp-json\/wp\/v2\/rapid?post=6063"}],"curies":[{"name":"wp","href":"https:\/\/api.w.org\/{rel}","templated":true}]}}