{"id":6061,"date":"2015-10-02T15:43:38","date_gmt":"2015-10-02T15:43:38","guid":{"rendered":"https:\/\/caringsunshine.com\/?page_id=6061"},"modified":"2015-10-06T01:06:10","modified_gmt":"2015-10-06T01:06:10","slug":"nature-sunshine-cleanse","status":"publish","type":"page","link":"https:\/\/caringsunshine.com\/es\/nature-sunshine-cleanse\/","title":{"rendered":"Nature Sunshine Cleanse"},"content":{"rendered":"<p>Nature Sunshine Cleanse (CleanStart) es un limpiador digestivo dise\u00f1ado para restaurar suave pero eficazmente el colon a un estado m\u00e1s saludable. Disponible en m\u00faltiples sabores, CleanStart es fabricado por Nature's Sunshine. <a href=\"https:\/\/caringsunshine.com\/es\/supplements\/NaturesSunshine\/products\/cleanstart.aspx\/\">M\u00e1s informaci\u00f3n sobre Cleanstart y su compra aqu\u00ed<\/a>.<\/p>","protected":false},"excerpt":{"rendered":"<p>Nature Sunshine Cleanse (CleanStart) es un limpiador digestivo dise\u00f1ado para restaurar suave pero eficazmente el colon a un estado m\u00e1s saludable. Disponible en varios sabores, CleanStart es fabricado por Nature's Sunshine. Conozca m\u00e1s sobre Cleanstart y adqui\u00e9ralo aqu\u00ed.<\/p>","protected":false},"author":1,"featured_media":0,"parent":0,"menu_order":0,"comment_status":"open","ping_status":"closed","template":"page-left-sidebar.php","meta":{"_acf_changed":false,"footnotes":""},"rapid":[],"class_list":["post-6061","page","type-page","status-publish","hentry"],"acf":[],"_links":{"self":[{"href":"https:\/\/caringsunshine.com\/es\/wp-json\/wp\/v2\/pages\/6061","targetHints":{"allow":["GET"]}}],"collection":[{"href":"https:\/\/caringsunshine.com\/es\/wp-json\/wp\/v2\/pages"}],"about":[{"href":"https:\/\/caringsunshine.com\/es\/wp-json\/wp\/v2\/types\/page"}],"author":[{"embeddable":true,"href":"https:\/\/caringsunshine.com\/es\/wp-json\/wp\/v2\/users\/1"}],"replies":[{"embeddable":true,"href":"https:\/\/caringsunshine.com\/es\/wp-json\/wp\/v2\/comments?post=6061"}],"version-history":[{"count":0,"href":"https:\/\/caringsunshine.com\/es\/wp-json\/wp\/v2\/pages\/6061\/revisions"}],"wp:attachment":[{"href":"https:\/\/caringsunshine.com\/es\/wp-json\/wp\/v2\/media?parent=6061"}],"wp:term":[{"taxonomy":"rapid","embeddable":true,"href":"https:\/\/caringsunshine.com\/es\/wp-json\/wp\/v2\/rapid?post=6061"}],"curies":[{"name":"wp","href":"https:\/\/api.w.org\/{rel}","templated":true}]}}