{"id":6059,"date":"2015-10-02T15:43:12","date_gmt":"2015-10-02T15:43:12","guid":{"rendered":"https:\/\/caringsunshine.com\/?page_id=6059"},"modified":"2024-05-11T07:21:19","modified_gmt":"2024-05-11T14:21:19","slug":"clean-start-natures-sunshine","status":"publish","type":"page","link":"https:\/\/caringsunshine.com\/es\/clean-start-natures-sunshine\/","title":{"rendered":"Clean Start Natures Sunshine"},"content":{"rendered":"<p>Clean Start Natures Sunshine (CleanStart) es una limpieza digestiva dise\u00f1ada para ser tomada durante 14 d\u00edas de forma ocasional. Limpia tu colon de forma suave y efectiva con este producto de Nature's Sunshine de eficacia probada. <a href=\"https:\/\/caringsunshine.com\/es\/supplements\/NaturesSunshine\/products\/cleanstart.aspx\/\">M\u00e1s informaci\u00f3n sobre Clean Start y su compra aqu\u00ed.<\/a><\/p>","protected":false},"excerpt":{"rendered":"<p>Clean Start Natures Sunshine (CleanStart) es una limpieza digestiva dise\u00f1ada para ser tomada durante 14 d\u00edas de forma ocasional. Limpia tu colon de forma suave y efectiva con este producto de Nature's Sunshine de eficacia probada. Conozca m\u00e1s sobre Clean Start y c\u00f3mprelo aqu\u00ed.<\/p>","protected":false},"author":1,"featured_media":0,"parent":0,"menu_order":0,"comment_status":"open","ping_status":"closed","template":"page-blank-title-center.php","meta":{"_acf_changed":false,"footnotes":""},"rapid":[],"class_list":["post-6059","page","type-page","status-publish","hentry"],"acf":[],"_links":{"self":[{"href":"https:\/\/caringsunshine.com\/es\/wp-json\/wp\/v2\/pages\/6059","targetHints":{"allow":["GET"]}}],"collection":[{"href":"https:\/\/caringsunshine.com\/es\/wp-json\/wp\/v2\/pages"}],"about":[{"href":"https:\/\/caringsunshine.com\/es\/wp-json\/wp\/v2\/types\/page"}],"author":[{"embeddable":true,"href":"https:\/\/caringsunshine.com\/es\/wp-json\/wp\/v2\/users\/1"}],"replies":[{"embeddable":true,"href":"https:\/\/caringsunshine.com\/es\/wp-json\/wp\/v2\/comments?post=6059"}],"version-history":[{"count":1,"href":"https:\/\/caringsunshine.com\/es\/wp-json\/wp\/v2\/pages\/6059\/revisions"}],"predecessor-version":[{"id":3262471,"href":"https:\/\/caringsunshine.com\/es\/wp-json\/wp\/v2\/pages\/6059\/revisions\/3262471"}],"wp:attachment":[{"href":"https:\/\/caringsunshine.com\/es\/wp-json\/wp\/v2\/media?parent=6059"}],"wp:term":[{"taxonomy":"rapid","embeddable":true,"href":"https:\/\/caringsunshine.com\/es\/wp-json\/wp\/v2\/rapid?post=6059"}],"curies":[{"name":"wp","href":"https:\/\/api.w.org\/{rel}","templated":true}]}}