{"id":6057,"date":"2015-10-02T15:42:42","date_gmt":"2015-10-02T15:42:42","guid":{"rendered":"https:\/\/caringsunshine.com\/?page_id=6057"},"modified":"2024-05-11T07:21:12","modified_gmt":"2024-05-11T14:21:12","slug":"productos-naturales-sunshine","status":"publish","type":"page","link":"https:\/\/caringsunshine.com\/es\/productos-naturales-sunshine\/","title":{"rendered":"Productos Naturales Sunshine"},"content":{"rendered":"<p>Productos Naturales Sunshine (productos de Nature's Sunshine) est\u00e1n disponibles aqu\u00ed en CaringSunshine a precio de socio todo el tiempo. Compre vitaminas, hierbas y otros suplementos de la m\u00e1s alta calidad de una empresa de 40 a\u00f1os de edad.<\/p>","protected":false},"excerpt":{"rendered":"<p>Productos Naturales Sunshine (productos de Nature's Sunshine) est\u00e1n disponibles aqu\u00ed en CaringSunshine a precio de socio todo el tiempo. Compre vitaminas, hierbas y otros suplementos de la m\u00e1s alta calidad de una empresa de 40 a\u00f1os de edad.<\/p>","protected":false},"author":1,"featured_media":0,"parent":0,"menu_order":0,"comment_status":"open","ping_status":"closed","template":"page-blank-title-center.php","meta":{"_acf_changed":false,"footnotes":""},"rapid":[],"class_list":["post-6057","page","type-page","status-publish","hentry"],"acf":[],"_links":{"self":[{"href":"https:\/\/caringsunshine.com\/es\/wp-json\/wp\/v2\/pages\/6057","targetHints":{"allow":["GET"]}}],"collection":[{"href":"https:\/\/caringsunshine.com\/es\/wp-json\/wp\/v2\/pages"}],"about":[{"href":"https:\/\/caringsunshine.com\/es\/wp-json\/wp\/v2\/types\/page"}],"author":[{"embeddable":true,"href":"https:\/\/caringsunshine.com\/es\/wp-json\/wp\/v2\/users\/1"}],"replies":[{"embeddable":true,"href":"https:\/\/caringsunshine.com\/es\/wp-json\/wp\/v2\/comments?post=6057"}],"version-history":[{"count":1,"href":"https:\/\/caringsunshine.com\/es\/wp-json\/wp\/v2\/pages\/6057\/revisions"}],"predecessor-version":[{"id":3262470,"href":"https:\/\/caringsunshine.com\/es\/wp-json\/wp\/v2\/pages\/6057\/revisions\/3262470"}],"wp:attachment":[{"href":"https:\/\/caringsunshine.com\/es\/wp-json\/wp\/v2\/media?parent=6057"}],"wp:term":[{"taxonomy":"rapid","embeddable":true,"href":"https:\/\/caringsunshine.com\/es\/wp-json\/wp\/v2\/rapid?post=6057"}],"curies":[{"name":"wp","href":"https:\/\/api.w.org\/{rel}","templated":true}]}}