{"id":6055,"date":"2015-10-02T15:42:03","date_gmt":"2015-10-02T15:42:03","guid":{"rendered":"https:\/\/caringsunshine.com\/?page_id=6055"},"modified":"2024-05-11T07:21:04","modified_gmt":"2024-05-11T14:21:04","slug":"nature-shine","status":"publish","type":"page","link":"https:\/\/caringsunshine.com\/es\/nature-shine\/","title":{"rendered":"La naturaleza brilla"},"content":{"rendered":"<p>Los productos de Nature Shine (Nature's Sunshine) est\u00e1n disponibles al precio de los miembros con un gran servicio y bajo env\u00edo aqu\u00ed en este sitio. Compre hierbas de alta calidad, vitaminas y formulaciones personalizadas para usted y su familia.<\/p>","protected":false},"excerpt":{"rendered":"<p>Los productos de Nature Shine (Nature's Sunshine) est\u00e1n disponibles al precio de los miembros con un gran servicio y bajo env\u00edo aqu\u00ed en este sitio. Compre hierbas de alta calidad, vitaminas y formulaciones personalizadas para usted y su familia.<\/p>","protected":false},"author":1,"featured_media":0,"parent":0,"menu_order":0,"comment_status":"open","ping_status":"closed","template":"page-blank-title-center.php","meta":{"_acf_changed":false,"footnotes":""},"rapid":[],"class_list":["post-6055","page","type-page","status-publish","hentry"],"acf":[],"_links":{"self":[{"href":"https:\/\/caringsunshine.com\/es\/wp-json\/wp\/v2\/pages\/6055","targetHints":{"allow":["GET"]}}],"collection":[{"href":"https:\/\/caringsunshine.com\/es\/wp-json\/wp\/v2\/pages"}],"about":[{"href":"https:\/\/caringsunshine.com\/es\/wp-json\/wp\/v2\/types\/page"}],"author":[{"embeddable":true,"href":"https:\/\/caringsunshine.com\/es\/wp-json\/wp\/v2\/users\/1"}],"replies":[{"embeddable":true,"href":"https:\/\/caringsunshine.com\/es\/wp-json\/wp\/v2\/comments?post=6055"}],"version-history":[{"count":1,"href":"https:\/\/caringsunshine.com\/es\/wp-json\/wp\/v2\/pages\/6055\/revisions"}],"predecessor-version":[{"id":3262467,"href":"https:\/\/caringsunshine.com\/es\/wp-json\/wp\/v2\/pages\/6055\/revisions\/3262467"}],"wp:attachment":[{"href":"https:\/\/caringsunshine.com\/es\/wp-json\/wp\/v2\/media?parent=6055"}],"wp:term":[{"taxonomy":"rapid","embeddable":true,"href":"https:\/\/caringsunshine.com\/es\/wp-json\/wp\/v2\/rapid?post=6055"}],"curies":[{"name":"wp","href":"https:\/\/api.w.org\/{rel}","templated":true}]}}