{"id":6043,"date":"2015-10-02T15:39:21","date_gmt":"2015-10-02T15:39:21","guid":{"rendered":"https:\/\/caringsunshine.com\/?page_id=6043"},"modified":"2024-05-11T07:20:19","modified_gmt":"2024-05-11T14:20:19","slug":"mind-max","status":"publish","type":"page","link":"https:\/\/caringsunshine.com\/es\/mind-max\/","title":{"rendered":"Mente Max"},"content":{"rendered":"<p>Mind Max (Mind-Max) es un suplemento nutricional para el cerebro fabricado y distribuido por Nature's Sunshine. <a href=\"https:\/\/caringsunshine.com\/es\/supplements\/NaturesSunshine\/products\/mind-max.aspx\/\">M\u00e1s informaci\u00f3n sobre Mind Max y su compra aqu\u00ed<\/a>.<\/p>","protected":false},"excerpt":{"rendered":"<p>Mind Max (Mind-Max) es un suplemento nutricional para el cerebro fabricado y distribuido por Nature's Sunshine. Obtenga m\u00e1s informaci\u00f3n sobre Mind Max y c\u00f3mprelo aqu\u00ed.<\/p>","protected":false},"author":1,"featured_media":0,"parent":0,"menu_order":0,"comment_status":"open","ping_status":"closed","template":"page-blank-title-center.php","meta":{"_acf_changed":false,"footnotes":""},"rapid":[],"class_list":["post-6043","page","type-page","status-publish","hentry"],"acf":[],"_links":{"self":[{"href":"https:\/\/caringsunshine.com\/es\/wp-json\/wp\/v2\/pages\/6043","targetHints":{"allow":["GET"]}}],"collection":[{"href":"https:\/\/caringsunshine.com\/es\/wp-json\/wp\/v2\/pages"}],"about":[{"href":"https:\/\/caringsunshine.com\/es\/wp-json\/wp\/v2\/types\/page"}],"author":[{"embeddable":true,"href":"https:\/\/caringsunshine.com\/es\/wp-json\/wp\/v2\/users\/1"}],"replies":[{"embeddable":true,"href":"https:\/\/caringsunshine.com\/es\/wp-json\/wp\/v2\/comments?post=6043"}],"version-history":[{"count":1,"href":"https:\/\/caringsunshine.com\/es\/wp-json\/wp\/v2\/pages\/6043\/revisions"}],"predecessor-version":[{"id":3262461,"href":"https:\/\/caringsunshine.com\/es\/wp-json\/wp\/v2\/pages\/6043\/revisions\/3262461"}],"wp:attachment":[{"href":"https:\/\/caringsunshine.com\/es\/wp-json\/wp\/v2\/media?parent=6043"}],"wp:term":[{"taxonomy":"rapid","embeddable":true,"href":"https:\/\/caringsunshine.com\/es\/wp-json\/wp\/v2\/rapid?post=6043"}],"curies":[{"name":"wp","href":"https:\/\/api.w.org\/{rel}","templated":true}]}}