{"id":6041,"date":"2015-10-02T15:38:55","date_gmt":"2015-10-02T15:38:55","guid":{"rendered":"https:\/\/caringsunshine.com\/?page_id=6041"},"modified":"2024-05-11T07:20:12","modified_gmt":"2024-05-11T14:20:12","slug":"nature-sunshine-uk","status":"publish","type":"page","link":"https:\/\/caringsunshine.com\/es\/nature-sunshine-uk\/","title":{"rendered":"Nature Sunshine UK"},"content":{"rendered":"<p>Nature Sunshine UK se refiere a la divisi\u00f3n brit\u00e1nica de Nature's Sunshine, fabricante y distribuidor de suplementos nutricionales (incluyendo vitaminas, hierbas y f\u00f3rmulas personalizadas).<\/p>","protected":false},"excerpt":{"rendered":"<p>Nature Sunshine UK se refiere a la divisi\u00f3n brit\u00e1nica de Nature's Sunshine, fabricante y distribuidor de suplementos nutricionales (incluyendo vitaminas, hierbas y f\u00f3rmulas personalizadas).<\/p>","protected":false},"author":1,"featured_media":0,"parent":0,"menu_order":0,"comment_status":"open","ping_status":"closed","template":"page-blank-title-center.php","meta":{"_acf_changed":false,"footnotes":""},"rapid":[],"class_list":["post-6041","page","type-page","status-publish","hentry"],"acf":[],"_links":{"self":[{"href":"https:\/\/caringsunshine.com\/es\/wp-json\/wp\/v2\/pages\/6041","targetHints":{"allow":["GET"]}}],"collection":[{"href":"https:\/\/caringsunshine.com\/es\/wp-json\/wp\/v2\/pages"}],"about":[{"href":"https:\/\/caringsunshine.com\/es\/wp-json\/wp\/v2\/types\/page"}],"author":[{"embeddable":true,"href":"https:\/\/caringsunshine.com\/es\/wp-json\/wp\/v2\/users\/1"}],"replies":[{"embeddable":true,"href":"https:\/\/caringsunshine.com\/es\/wp-json\/wp\/v2\/comments?post=6041"}],"version-history":[{"count":1,"href":"https:\/\/caringsunshine.com\/es\/wp-json\/wp\/v2\/pages\/6041\/revisions"}],"predecessor-version":[{"id":3262460,"href":"https:\/\/caringsunshine.com\/es\/wp-json\/wp\/v2\/pages\/6041\/revisions\/3262460"}],"wp:attachment":[{"href":"https:\/\/caringsunshine.com\/es\/wp-json\/wp\/v2\/media?parent=6041"}],"wp:term":[{"taxonomy":"rapid","embeddable":true,"href":"https:\/\/caringsunshine.com\/es\/wp-json\/wp\/v2\/rapid?post=6041"}],"curies":[{"name":"wp","href":"https:\/\/api.w.org\/{rel}","templated":true}]}}