{"id":6037,"date":"2015-10-02T15:38:05","date_gmt":"2015-10-02T15:38:05","guid":{"rendered":"https:\/\/caringsunshine.com\/?page_id=6037"},"modified":"2024-05-11T07:19:57","modified_gmt":"2024-05-11T14:19:57","slug":"sunshine-nature","status":"publish","type":"page","link":"https:\/\/caringsunshine.com\/es\/sunshine-nature\/","title":{"rendered":"Naturaleza del sol"},"content":{"rendered":"<p>Sunshine Nature (Nature's Sunshine) es una l\u00ednea premium de suplementos nutricionales que se vende aqu\u00ed en CaringSunshine. Nature's Sunshine distribuye vitaminas, hierbas y f\u00f3rmulas desde hace m\u00e1s de cuarenta a\u00f1os.<\/p>","protected":false},"excerpt":{"rendered":"<p>Sunshine Nature (Nature's Sunshine) es una l\u00ednea premium de suplementos nutricionales que se vende aqu\u00ed en CaringSunshine. Nature's Sunshine distribuye vitaminas, hierbas y f\u00f3rmulas desde hace m\u00e1s de cuarenta a\u00f1os.<\/p>","protected":false},"author":1,"featured_media":0,"parent":0,"menu_order":0,"comment_status":"open","ping_status":"closed","template":"page-blank-title-center.php","meta":{"_acf_changed":false,"footnotes":""},"rapid":[],"class_list":["post-6037","page","type-page","status-publish","hentry"],"acf":[],"_links":{"self":[{"href":"https:\/\/caringsunshine.com\/es\/wp-json\/wp\/v2\/pages\/6037","targetHints":{"allow":["GET"]}}],"collection":[{"href":"https:\/\/caringsunshine.com\/es\/wp-json\/wp\/v2\/pages"}],"about":[{"href":"https:\/\/caringsunshine.com\/es\/wp-json\/wp\/v2\/types\/page"}],"author":[{"embeddable":true,"href":"https:\/\/caringsunshine.com\/es\/wp-json\/wp\/v2\/users\/1"}],"replies":[{"embeddable":true,"href":"https:\/\/caringsunshine.com\/es\/wp-json\/wp\/v2\/comments?post=6037"}],"version-history":[{"count":1,"href":"https:\/\/caringsunshine.com\/es\/wp-json\/wp\/v2\/pages\/6037\/revisions"}],"predecessor-version":[{"id":3262458,"href":"https:\/\/caringsunshine.com\/es\/wp-json\/wp\/v2\/pages\/6037\/revisions\/3262458"}],"wp:attachment":[{"href":"https:\/\/caringsunshine.com\/es\/wp-json\/wp\/v2\/media?parent=6037"}],"wp:term":[{"taxonomy":"rapid","embeddable":true,"href":"https:\/\/caringsunshine.com\/es\/wp-json\/wp\/v2\/rapid?post=6037"}],"curies":[{"name":"wp","href":"https:\/\/api.w.org\/{rel}","templated":true}]}}