{"id":6035,"date":"2015-10-02T15:35:19","date_gmt":"2015-10-02T15:35:19","guid":{"rendered":"https:\/\/caringsunshine.com\/?page_id=6035"},"modified":"2024-05-11T07:19:51","modified_gmt":"2024-05-11T14:19:51","slug":"megachel","status":"publish","type":"page","link":"https:\/\/caringsunshine.com\/es\/megachel\/","title":{"rendered":"Megachel"},"content":{"rendered":"<p>Megachel (Mega-chel) es una formulaci\u00f3n de Nature's Sunshine de vitaminas, hierbas y antioxidantes. <a href=\"https:\/\/caringsunshine.com\/es\/supplements\/NaturesSunshine\/products\/megachel120.aspx\/\">Puede comprar Megachel y obtener m\u00e1s informaci\u00f3n sobre \u00e9l aqu\u00ed<\/a>.<\/p>","protected":false},"excerpt":{"rendered":"<p>Megachel (Mega-chel) es una formulaci\u00f3n de Nature's Sunshine de vitaminas, hierbas y antioxidantes. Puedes comprar Megachel y obtener m\u00e1s informaci\u00f3n aqu\u00ed.<\/p>","protected":false},"author":1,"featured_media":0,"parent":0,"menu_order":0,"comment_status":"open","ping_status":"closed","template":"page-blank-title-center.php","meta":{"_acf_changed":false,"footnotes":""},"rapid":[],"class_list":["post-6035","page","type-page","status-publish","hentry"],"acf":[],"_links":{"self":[{"href":"https:\/\/caringsunshine.com\/es\/wp-json\/wp\/v2\/pages\/6035","targetHints":{"allow":["GET"]}}],"collection":[{"href":"https:\/\/caringsunshine.com\/es\/wp-json\/wp\/v2\/pages"}],"about":[{"href":"https:\/\/caringsunshine.com\/es\/wp-json\/wp\/v2\/types\/page"}],"author":[{"embeddable":true,"href":"https:\/\/caringsunshine.com\/es\/wp-json\/wp\/v2\/users\/1"}],"replies":[{"embeddable":true,"href":"https:\/\/caringsunshine.com\/es\/wp-json\/wp\/v2\/comments?post=6035"}],"version-history":[{"count":1,"href":"https:\/\/caringsunshine.com\/es\/wp-json\/wp\/v2\/pages\/6035\/revisions"}],"predecessor-version":[{"id":3262457,"href":"https:\/\/caringsunshine.com\/es\/wp-json\/wp\/v2\/pages\/6035\/revisions\/3262457"}],"wp:attachment":[{"href":"https:\/\/caringsunshine.com\/es\/wp-json\/wp\/v2\/media?parent=6035"}],"wp:term":[{"taxonomy":"rapid","embeddable":true,"href":"https:\/\/caringsunshine.com\/es\/wp-json\/wp\/v2\/rapid?post=6035"}],"curies":[{"name":"wp","href":"https:\/\/api.w.org\/{rel}","templated":true}]}}