{"id":6033,"date":"2015-10-02T15:33:13","date_gmt":"2015-10-02T15:33:13","guid":{"rendered":"https:\/\/caringsunshine.com\/?page_id=6033"},"modified":"2024-05-11T07:19:45","modified_gmt":"2024-05-11T14:19:45","slug":"nature-sunshine-mexico","status":"publish","type":"page","link":"https:\/\/caringsunshine.com\/es\/nature-sunshine-mexico\/","title":{"rendered":"Nature Sunshine M\u00e9xico"},"content":{"rendered":"<p>Nature Sunshine M\u00e9xico es la divisi\u00f3n mexicana de Nature's Sunshine, una empresa de suplementos para la salud con sede en Utah.<\/p>\n<p>Ud puede comprar los productos de Nature's Sunshine directamente de nuestra fabrica en Mexico y que se los envien a su domicilio. Esto le ahorrar\u00e1 dinero por que Ud. conseguir\u00e1 precios de por mayor.<\/p>\n<p>Simplemente llame al 015556240200\/18009028200 e inscr\u00edbase para ser un miembro de por mayor. Cuando le pregunten por la identificaci\u00f3n de su patrocinador, utilice 2892135.<\/p>\n<p>Por favor, no dude en contactarnos si tiene alguna pregunta.<\/p>","protected":false},"excerpt":{"rendered":"<p>Nature Sunshine M\u00e9xico es la divisi\u00f3n mexicana de Nature's Sunshine, una empresa de suplementos para la salud con sede en Utah. Ud puede comprar los productos de Nature's Sunshine directamente de nuestra fabrica en M\u00e9xico y que se los env\u00eden a su domicilio. Esto le ahorrar\u00e1 dinero por que Ud. conseguir\u00e1 precios de por mayor. Simplemente llame al 015556240200\/18009028200 e inscr\u00edbase [...]","protected":false},"author":1,"featured_media":0,"parent":0,"menu_order":0,"comment_status":"open","ping_status":"closed","template":"page-blank-title-center.php","meta":{"_acf_changed":false,"footnotes":""},"rapid":[],"class_list":["post-6033","page","type-page","status-publish","hentry"],"acf":[],"_links":{"self":[{"href":"https:\/\/caringsunshine.com\/es\/wp-json\/wp\/v2\/pages\/6033","targetHints":{"allow":["GET"]}}],"collection":[{"href":"https:\/\/caringsunshine.com\/es\/wp-json\/wp\/v2\/pages"}],"about":[{"href":"https:\/\/caringsunshine.com\/es\/wp-json\/wp\/v2\/types\/page"}],"author":[{"embeddable":true,"href":"https:\/\/caringsunshine.com\/es\/wp-json\/wp\/v2\/users\/1"}],"replies":[{"embeddable":true,"href":"https:\/\/caringsunshine.com\/es\/wp-json\/wp\/v2\/comments?post=6033"}],"version-history":[{"count":1,"href":"https:\/\/caringsunshine.com\/es\/wp-json\/wp\/v2\/pages\/6033\/revisions"}],"predecessor-version":[{"id":3262456,"href":"https:\/\/caringsunshine.com\/es\/wp-json\/wp\/v2\/pages\/6033\/revisions\/3262456"}],"wp:attachment":[{"href":"https:\/\/caringsunshine.com\/es\/wp-json\/wp\/v2\/media?parent=6033"}],"wp:term":[{"taxonomy":"rapid","embeddable":true,"href":"https:\/\/caringsunshine.com\/es\/wp-json\/wp\/v2\/rapid?post=6033"}],"curies":[{"name":"wp","href":"https:\/\/api.w.org\/{rel}","templated":true}]}}